{"id":3676,"date":"2021-11-03T12:54:25","date_gmt":"2021-11-03T12:54:25","guid":{"rendered":"https:\/\/mywebsitedemo.co.in\/angelgroup\/?page_id=3676"},"modified":"2025-02-13T00:19:44","modified_gmt":"2025-02-13T00:19:44","slug":"north-texas-business-sales","status":"publish","type":"page","link":"https:\/\/angelbg.com\/es\/north-texas-business-sales\/","title":{"rendered":"Ventas comerciales en el norte de Texas"},"content":{"rendered":"<div class=\"wpb-content-wrapper\"><div data-vc-full-width=\"true\" data-vc-full-width-init=\"false\" class=\"vc_row wpb_row vc_row-fluid vc_custom_1635340854188 vc_row-has-fill\"><div class=\"wpb_column vc_column_container vc_col-sm-9\"><div class=\"vc_column-inner vc_custom_1635340909816\"><div class=\"wpb_wrapper\"><div class=\"vc_row wpb_row vc_inner vc_row-fluid\"><div class=\"wpb_column vc_column_container vc_col-sm-12\"><div class=\"vc_column-inner\"><div class=\"wpb_wrapper\">\n\t<div class=\"wpb_text_column wpb_content_element\" >\n\t\t<div class=\"wpb_wrapper\">\n\t\t\t<p>Cuando se trata de comprar o vender un negocio, el momento m\u00e1s emocionante y angustioso es el momento de iniciar las negociaciones y hacer una oferta. Somos especialistas en el proceso de compra y venta de empresas. No solo ayudamos con el marketing, sino que, lo que es m\u00e1s importante, lo asistimos en el proceso profesional de llevar una operaci\u00f3n al \u00e9xito.<\/p>\n\n\t\t<\/div>\n\t<\/div>\n<\/div><\/div><\/div><\/div>\n\t<div class=\"wpb_text_column wpb_content_element\" >\n\t\t<div class=\"wpb_wrapper\">\n\t\t\t<p>La negociaci\u00f3n implica la comprensi\u00f3n y la experiencia en el manejo de muchos aspectos personales, financieros y t\u00e9cnicos independientes de una transacci\u00f3n comercial. Un corredor profesional est\u00e1 capacitado en todos los aspectos de las relaciones comerciales y humanas.<\/p>\n<p>Los compradores buscan una empresa que se haya beneficiado del trabajo duro y el esfuerzo de los vendedores. Puede ser un cambio personal para muchos. Somos sensibles a las emociones, pero nunca a expensas de estructurar un buen acuerdo para usted.<\/p>\n\n\t\t<\/div>\n\t<\/div>\n<div class=\"vc_row wpb_row vc_inner vc_row-fluid\"><div class=\"wpb_column vc_column_container vc_col-sm-6\"><div class=\"vc_column-inner\"><div class=\"wpb_wrapper\">\n\t<div  class=\"wpb_single_image wpb_content_element vc_align_left wpb_content_element\">\n\t\t\n\t\t<figure class=\"wpb_wrapper vc_figure\">\n\t\t\t<div class=\"vc_single_image-wrapper vc_box_border  vc_box_border_grey\"><img decoding=\"async\" width=\"300\" height=\"108\" src=\"https:\/\/angelbg.com\/wp-content\/uploads\/2021\/11\/Dollarphotoclub_19120097-e1398455509748-300x108-1.jpg\" class=\"vc_single_image-img attachment-full\" alt=\"\" title=\"A diverse business group studying a budget plan\" \/><\/div>\n\t\t<\/figure>\n\t<\/div>\n<\/div><\/div><\/div><div class=\"wpb_column vc_column_container vc_col-sm-6\"><div class=\"vc_column-inner\"><div class=\"wpb_wrapper\">\n\t<div class=\"wpb_text_column wpb_content_element\" >\n\t\t<div class=\"wpb_wrapper\">\n\t\t\t<h3><strong>Vende tu negocio<\/strong><\/h3>\n<p>En Angel Brokers Group, entendemos que el objetivo final de todo propietario de una empresa es desarrollarla y venderla cuando sea el momento adecuado. Trabajamos con propietarios de empresas y nos esforzamos por vender sus negocios en el mejor momento posible.<\/p>\n\n\t\t<\/div>\n\t<\/div>\n<\/div><\/div><\/div><\/div><div class=\"vc_row wpb_row vc_inner vc_row-fluid\"><div class=\"wpb_column vc_column_container vc_col-sm-6\"><div class=\"vc_column-inner\"><div class=\"wpb_wrapper\">\n\t<div  class=\"wpb_single_image wpb_content_element vc_align_left wpb_content_element\">\n\t\t\n\t\t<figure class=\"wpb_wrapper vc_figure\">\n\t\t\t<div class=\"vc_single_image-wrapper vc_box_border  vc_box_border_grey\"><img decoding=\"async\" width=\"300\" height=\"128\" src=\"https:\/\/angelbg.com\/wp-content\/uploads\/2021\/11\/Dollarphotoclub_58709546-300x128-1.jpg\" class=\"vc_single_image-img attachment-full\" alt=\"\" title=\"Business banner.\" \/><\/div>\n\t\t<\/figure>\n\t<\/div>\n<\/div><\/div><\/div><div class=\"wpb_column vc_column_container vc_col-sm-6\"><div class=\"vc_column-inner\"><div class=\"wpb_wrapper\">\n\t<div class=\"wpb_text_column wpb_content_element\" >\n\t\t<div class=\"wpb_wrapper\">\n\t\t\t<h3><strong>Compra tu negocio<\/strong><\/h3>\n<p>Angel Brokers Group ofrece a los compradores el tipo y tama\u00f1o exacto de negocio que desean. Les presentamos a los compradores negocios s\u00f3lidos y rentables que se ajustan a sus finanzas y especificaciones.<\/p>\n\n\t\t<\/div>\n\t<\/div>\n<\/div><\/div><\/div><\/div><div class=\"vc_row wpb_row vc_inner vc_row-fluid\"><div class=\"wpb_column vc_column_container vc_col-sm-6\"><div class=\"vc_column-inner\"><div class=\"wpb_wrapper\">\n\t<div  class=\"wpb_single_image wpb_content_element vc_align_left wpb_content_element\">\n\t\t\n\t\t<figure class=\"wpb_wrapper vc_figure\">\n\t\t\t<div class=\"vc_single_image-wrapper vc_box_border  vc_box_border_grey\"><img decoding=\"async\" width=\"300\" height=\"122\" src=\"https:\/\/angelbg.com\/wp-content\/uploads\/2021\/11\/Dollarphotoclub_44666385-300x122-1.jpg\" class=\"vc_single_image-img attachment-full\" alt=\"\" title=\"Two business male hands about to shake hands\" \/><\/div>\n\t\t<\/figure>\n\t<\/div>\n<\/div><\/div><\/div><div class=\"wpb_column vc_column_container vc_col-sm-6\"><div class=\"vc_column-inner\"><div class=\"wpb_wrapper\">\n\t<div class=\"wpb_text_column wpb_content_element\" >\n\t\t<div class=\"wpb_wrapper\">\n\t\t\t<h3><strong>Listados de empresas<\/strong><\/h3>\n<p>Angel Brokers Group participa en ventas de negocios en varias industrias en el mercado callejero principal, desde negocios minoristas hasta Business to Business (B2B).<\/p>\n\n\t\t<\/div>\n\t<\/div>\n<\/div><\/div><\/div><\/div>\n\t<div class=\"wpb_text_column wpb_content_element\" >\n\t\t<div class=\"wpb_wrapper\">\n\t\t\t<h3>\u00bfPor qu\u00e9 elegir el norte de Texas para nuevos negocios?<\/h3>\n<h3>1. Econom\u00eda en auge y crecimiento empresarial<\/h3>\n<p>El norte de Texas es una de las regiones econ\u00f3micas de m\u00e1s r\u00e1pido crecimiento en los Estados Unidos, con un entorno favorable para los negocios, impuestos bajos y una fuerte creaci\u00f3n de empleo. Ciudades como Dallas y Fort Worth ofrecen una econom\u00eda diversificada que abarca la tecnolog\u00eda, los bienes ra\u00edces, la atenci\u00f3n m\u00e9dica, la log\u00edstica y las finanzas.<\/p>\n<h3>2. Ubicaci\u00f3n estrat\u00e9gica e infraestructura<\/h3>\n<p>Ubicaci\u00f3n central con f\u00e1cil acceso a los mercados nacionales e internacionales.<\/p>\n<p>Sede del Aeropuerto Internacional DFW, uno de los aeropuertos m\u00e1s concurridos del mundo.<\/p>\n<p>Amplias redes de carreteras, ferrocarriles y log\u00edstica para operaciones comerciales fluidas.<\/p>\n<h3>3. Pol\u00edticas e incentivos favorables a las empresas<\/h3>\n<p>Sin impuesto estatal sobre la renta, lo que reduce la carga financiera para las empresas y los empleados.<\/p>\n<p>Incentivos fiscales, subvenciones y oportunidades de financiaci\u00f3n para nuevas empresas.<\/p>\n<p>Gobiernos locales y organizaciones empresariales que apoyan el crecimiento.<\/p>\n<h3>4. Mercado inmobiliario en auge<\/h3>\n<p>Bienes ra\u00edces comerciales e industriales asequibles en comparaci\u00f3n con otras \u00e1reas metropolitanas importantes.<\/p>\n<p>Ampliaci\u00f3n de centros de negocios y espacios de oficina adecuados tanto para empresas emergentes como para corporaciones.<\/p>\n<p>Alta demanda de desarrollo residencial y comercial, impulsando oportunidades de inversi\u00f3n.<\/p>\n<h3>5. Fuerza laboral calificada y educaci\u00f3n de primer nivel<\/h3>\n<p>Access to a highly skilled workforce across multiple industries.<\/p>\n<p>Home to top universities and colleges like UT Dallas, SMU, and TCU, producing talented professionals.<\/p>\n<p>Strong focus on innovation and entrepreneurship, making it an ideal location for startups.<\/p>\n<h3>6. Calidad de vida y atractivo cultural<\/h3>\n<p>Costo de vida asequible en comparaci\u00f3n con otros centros comerciales importantes de EE. UU.<\/p>\n<p>Una vibrante escena cultural, de entretenimiento y gastron\u00f3mica que atrae a los mejores talentos.<\/p>\n<p>Excelentes instalaciones de atenci\u00f3n m\u00e9dica y comunidades amigables para la familia.<\/p>\n<h3>Invierte hoy<\/h3>\n<p>El norte de Texas es una potencia para el crecimiento empresarial, la inversi\u00f3n y la innovaci\u00f3n. Con una econom\u00eda pr\u00f3spera, una ubicaci\u00f3n privilegiada y pol\u00edticas favorables para las empresas, es el destino ideal para lanzar o expandir su negocio. Ya sea que sea una empresa emergente, un inversor o un emprendedor, el norte de Texas proporciona los recursos, la infraestructura y el acceso al mercado necesarios para el \u00e9xito a largo plazo.<\/p>\n\n\t\t<\/div>\n\t<\/div>\n\n\t<div class=\"wpb_text_column wpb_content_element\" >\n\t\t<div class=\"wpb_wrapper\">\n\t\t\t<h3><strong>DALLAS<\/strong><\/h3>\n<p><strong>Counties<\/strong><br \/>\nDallas . Hunt . Denton . Red River . Ellis . Grayson . Parker Collin . Rockwall . Erath . Johnson . Somerwell . Franklin . Kaufman . Tarrant . Hood . Lamar . Wise . Navarro . Palo Pinto<\/p>\n<p><strong>Maior cities<\/strong><\/p>\n<p>Dallas, Denison, Arlington, Denton, Fort Worth, Garland, Irving, Plano, McKinney, Mesquite, Sherman,Richarson, Wichita Falls<\/p>\n<p><strong>Other cities and towns<\/strong><\/p>\n<p>Aledo, Ennis, Murphy, Addison, Duncanville, Mineral Wells, Allen, Farmers Branch, Nocona, Alvarado,Fate, Paradise, Alvord, Flower Mound, Paris, Anna, Frisco, Pottsboro, Archer, city, Gainesville, RockwallAzle, Garlan, Rowlett, Bedford, Granbury, Royse City, Bonham, Grand Prairie, Sachse, Bowie, Graham,Sherman, Boyd, Grapevine, Southlake, Breckenridge, Greenville, Stephenville, Bridgeport, Haltom City,University Park, Burkburnett, Herietta, Vernon, Carrollton, Highlando Park, Waxahachie, Clarksville,Hillsboro, Weathersford, Cleburne, Hurst, Whitesboro, Colleyville, Jacksboro, Wylie, Coppell, Keller,Corsicana, Lewisville, Decatur, Mansfield, Denison, Melissa, Meridian.<\/p>\n\n\t\t<\/div>\n\t<\/div>\n<\/div><\/div><\/div><div class=\"wpb_column vc_column_container vc_col-sm-3\"><div class=\"vc_column-inner vc_custom_1521444155225\"><div class=\"wpb_wrapper\"><div class=\"vc_row wpb_row vc_inner vc_row-fluid vc_custom_1521444302719\"><div class=\"wpb_column vc_column_container vc_col-sm-12 vc_col-has-fill\"><div class=\"vc_column-inner vc_custom_1521444368019\"><div class=\"wpb_wrapper\"><div style=\"font-size: 25px;color: #ffffff;line-height: 35px;text-align: center\" class=\"vc_custom_heading vc_do_custom_heading font-weight-extrabold vc_custom_1635340174220\" >Contacte con Angel Brokers Group<\/div><div style=\"font-size: 18px;color: #f5f6f6;line-height: 28px;text-align: center\" class=\"vc_custom_heading vc_do_custom_heading font-weight-semibold vc_custom_1739405958691\" >Call (972) 849 4203<\/div>\r<!-- radiantthemes-button -->\r<div class=\"radiantthemes-button hover-style-one\"  data-button-direction=\"center\" data-button-fullwidth=\"false\" ><a style=\"\" class=\"radiantthemes-button-main\" href=\"https:\/\/angelbg.com\/es\/contact-us\/\"  title=\"Cont\u00e1ctanos\" target=\"_self\"><div class=\"placeholder\">Cont\u00e1ctanos<\/div><\/a><\/div>\r<!-- radiantthemes-button -->\r<\/div><\/div><\/div><\/div><\/div><\/div><\/div><\/div><div class=\"vc_row-full-width\"><\/div>\n<\/div>","protected":false},"excerpt":{"rendered":"When it comes to buying or selling a business, the most exciting and anxious moment is the time for you to enter into negotiations and make an offer. We are specialists in the process of buying and selling businesses. Not only do we help with marketing, but most importantly, we assist you in the professional [...]","protected":false},"author":6,"featured_media":0,"parent":0,"menu_order":0,"comment_status":"closed","ping_status":"closed","template":"","meta":{"footnotes":""},"class_list":["post-3676","page","type-page","status-publish","hentry"],"yoast_head":"<!-- This site is optimized with the Yoast SEO Premium plugin v26.6 (Yoast SEO v27.4) - https:\/\/yoast.com\/product\/yoast-seo-premium-wordpress\/ -->\n<title>North Texas Business Sales - Angel Brokers Group<\/title>\n<meta name=\"robots\" content=\"index, follow, max-snippet:-1, max-image-preview:large, max-video-preview:-1\" \/>\n<link rel=\"canonical\" href=\"https:\/\/angelbg.com\/es\/north-texas-business-sales\/\" \/>\n<meta property=\"og:locale\" content=\"es_ES\" \/>\n<meta property=\"og:type\" content=\"article\" \/>\n<meta property=\"og:title\" content=\"North Texas Business Sales\" \/>\n<meta property=\"og:url\" content=\"https:\/\/angelbg.com\/es\/north-texas-business-sales\/\" \/>\n<meta property=\"og:site_name\" content=\"Angel Brokers Group\" \/>\n<meta property=\"article:modified_time\" content=\"2025-02-13T00:19:44+00:00\" \/>\n<meta name=\"twitter:card\" content=\"summary_large_image\" \/>\n<meta name=\"twitter:label1\" content=\"Tiempo de lectura\" \/>\n\t<meta name=\"twitter:data1\" content=\"4 minutos\" \/>\n<script type=\"application\/ld+json\" class=\"yoast-schema-graph\">{\"@context\":\"https:\\\/\\\/schema.org\",\"@graph\":[{\"@type\":\"WebPage\",\"@id\":\"https:\\\/\\\/angelbg.com\\\/north-texas-business-sales\\\/\",\"url\":\"https:\\\/\\\/angelbg.com\\\/north-texas-business-sales\\\/\",\"name\":\"North Texas Business Sales - Angel Brokers Group\",\"isPartOf\":{\"@id\":\"https:\\\/\\\/angelbg.com\\\/#website\"},\"datePublished\":\"2021-11-03T12:54:25+00:00\",\"dateModified\":\"2025-02-13T00:19:44+00:00\",\"breadcrumb\":{\"@id\":\"https:\\\/\\\/angelbg.com\\\/north-texas-business-sales\\\/#breadcrumb\"},\"inLanguage\":\"es\",\"potentialAction\":[{\"@type\":\"ReadAction\",\"target\":[\"https:\\\/\\\/angelbg.com\\\/north-texas-business-sales\\\/\"]}]},{\"@type\":\"BreadcrumbList\",\"@id\":\"https:\\\/\\\/angelbg.com\\\/north-texas-business-sales\\\/#breadcrumb\",\"itemListElement\":[{\"@type\":\"ListItem\",\"position\":1,\"name\":\"Home\",\"item\":\"https:\\\/\\\/angelbg.com\\\/\"},{\"@type\":\"ListItem\",\"position\":2,\"name\":\"North Texas Business Sales\"}]},{\"@type\":\"WebSite\",\"@id\":\"https:\\\/\\\/angelbg.com\\\/#website\",\"url\":\"https:\\\/\\\/angelbg.com\\\/\",\"name\":\"Angel Brokers Group\",\"description\":\"\",\"potentialAction\":[{\"@type\":\"SearchAction\",\"target\":{\"@type\":\"EntryPoint\",\"urlTemplate\":\"https:\\\/\\\/angelbg.com\\\/?s={search_term_string}\"},\"query-input\":{\"@type\":\"PropertyValueSpecification\",\"valueRequired\":true,\"valueName\":\"search_term_string\"}}],\"inLanguage\":\"es\"}]}<\/script>\n<!-- \/ Yoast SEO Premium plugin. -->","yoast_head_json":{"title":"North Texas Business Sales - Angel Brokers Group","robots":{"index":"index","follow":"follow","max-snippet":"max-snippet:-1","max-image-preview":"max-image-preview:large","max-video-preview":"max-video-preview:-1"},"canonical":"https:\/\/angelbg.com\/es\/north-texas-business-sales\/","og_locale":"es_ES","og_type":"article","og_title":"North Texas Business Sales","og_url":"https:\/\/angelbg.com\/es\/north-texas-business-sales\/","og_site_name":"Angel Brokers Group","article_modified_time":"2025-02-13T00:19:44+00:00","twitter_card":"summary_large_image","twitter_misc":{"Tiempo de lectura":"4 minutos"},"schema":{"@context":"https:\/\/schema.org","@graph":[{"@type":"WebPage","@id":"https:\/\/angelbg.com\/north-texas-business-sales\/","url":"https:\/\/angelbg.com\/north-texas-business-sales\/","name":"North Texas Business Sales - Angel Brokers Group","isPartOf":{"@id":"https:\/\/angelbg.com\/#website"},"datePublished":"2021-11-03T12:54:25+00:00","dateModified":"2025-02-13T00:19:44+00:00","breadcrumb":{"@id":"https:\/\/angelbg.com\/north-texas-business-sales\/#breadcrumb"},"inLanguage":"es","potentialAction":[{"@type":"ReadAction","target":["https:\/\/angelbg.com\/north-texas-business-sales\/"]}]},{"@type":"BreadcrumbList","@id":"https:\/\/angelbg.com\/north-texas-business-sales\/#breadcrumb","itemListElement":[{"@type":"ListItem","position":1,"name":"Home","item":"https:\/\/angelbg.com\/"},{"@type":"ListItem","position":2,"name":"North Texas Business Sales"}]},{"@type":"WebSite","@id":"https:\/\/angelbg.com\/#website","url":"https:\/\/angelbg.com\/","name":"Angel Brokers Group","description":"","potentialAction":[{"@type":"SearchAction","target":{"@type":"EntryPoint","urlTemplate":"https:\/\/angelbg.com\/?s={search_term_string}"},"query-input":{"@type":"PropertyValueSpecification","valueRequired":true,"valueName":"search_term_string"}}],"inLanguage":"es"}]}},"_hostinger_reach_plugin_has_subscription_block":false,"_hostinger_reach_plugin_is_elementor":false,"jetpack_sharing_enabled":true,"_links":{"self":[{"href":"https:\/\/angelbg.com\/es\/wp-json\/wp\/v2\/pages\/3676","targetHints":{"allow":["GET"]}}],"collection":[{"href":"https:\/\/angelbg.com\/es\/wp-json\/wp\/v2\/pages"}],"about":[{"href":"https:\/\/angelbg.com\/es\/wp-json\/wp\/v2\/types\/page"}],"author":[{"embeddable":true,"href":"https:\/\/angelbg.com\/es\/wp-json\/wp\/v2\/users\/6"}],"replies":[{"embeddable":true,"href":"https:\/\/angelbg.com\/es\/wp-json\/wp\/v2\/comments?post=3676"}],"version-history":[{"count":7,"href":"https:\/\/angelbg.com\/es\/wp-json\/wp\/v2\/pages\/3676\/revisions"}],"predecessor-version":[{"id":5853,"href":"https:\/\/angelbg.com\/es\/wp-json\/wp\/v2\/pages\/3676\/revisions\/5853"}],"wp:attachment":[{"href":"https:\/\/angelbg.com\/es\/wp-json\/wp\/v2\/media?parent=3676"}],"curies":[{"name":"wp","href":"https:\/\/api.w.org\/{rel}","templated":true}]}}