{"id":4360,"date":"2022-02-01T20:43:48","date_gmt":"2022-02-01T20:43:48","guid":{"rendered":"https:\/\/angelbg.com\/?page_id=4360"},"modified":"2025-02-13T17:08:17","modified_gmt":"2025-02-13T17:08:17","slug":"for-sellers-business-brokerage","status":"publish","type":"page","link":"https:\/\/angelbg.com\/es\/for-sellers-business-brokerage\/","title":{"rendered":"Para vendedores Intermediaci\u00f3n comercial"},"content":{"rendered":"<div class=\"wpb-content-wrapper\"><div data-vc-full-width=\"true\" data-vc-full-width-init=\"false\" class=\"vc_row wpb_row vc_row-fluid vc_custom_1643814659037 vc_row-has-fill\"><div class=\"wpb_column vc_column_container vc_col-sm-12\"><div class=\"vc_column-inner\"><div class=\"wpb_wrapper\"><div class=\"vc_row wpb_row vc_inner vc_row-fluid vc_row-o-content-middle vc_row-flex\"><div class=\"wpb_column vc_column_container vc_col-sm-6\"><div class=\"vc_column-inner\"><div class=\"wpb_wrapper\">\n\t<div  class=\"wpb_single_image wpb_content_element vc_align_left wpb_content_element\">\n\t\t\n\t\t<figure class=\"wpb_wrapper vc_figure\">\n\t\t\t<div class=\"vc_single_image-wrapper   vc_box_border_grey\"><img decoding=\"async\" width=\"1000\" height=\"900\" src=\"https:\/\/angelbg.com\/wp-content\/uploads\/2022\/02\/fss.jpg\" class=\"vc_single_image-img attachment-full\" alt=\"\" title=\"fss\" srcset=\"https:\/\/angelbg.com\/wp-content\/uploads\/2022\/02\/fss.jpg 1000w, https:\/\/angelbg.com\/wp-content\/uploads\/2022\/02\/fss-300x270.jpg 300w, https:\/\/angelbg.com\/wp-content\/uploads\/2022\/02\/fss-768x691.jpg 768w, https:\/\/angelbg.com\/wp-content\/uploads\/2022\/02\/fss-500x450.jpg 500w, https:\/\/angelbg.com\/wp-content\/uploads\/2022\/02\/fss-600x540.jpg 600w\" sizes=\"(max-width: 1000px) 100vw, 1000px\" \/><\/div>\n\t\t<\/figure>\n\t<\/div>\n<\/div><\/div><\/div><div class=\"wpb_column vc_column_container vc_col-sm-6\"><div class=\"vc_column-inner\"><div class=\"wpb_wrapper\">\n\t<div class=\"wpb_text_column wpb_content_element\" >\n\t\t<div class=\"wpb_wrapper\">\n\t\t\t<h3><strong>\u00bfHa llegado el momento de vender? \u00a1Vender su empresa es una decisi\u00f3n importante!<\/strong><\/h3>\n<p>Ha dedicado su tiempo, dinero y energ\u00eda a crear, gestionar y operar su negocio. Es posible que represente el trabajo de su vida. Si ya ha decidido que ahora es el momento adecuado para vender, desea recibir la mejor orientaci\u00f3n profesional posible.<br \/>\n\u00a1Aqu\u00ed es cuando trabajar en conjunto con un corredor de negocios profesional puede marcar la diferencia entre simplemente deshacerse del negocio y venderlo al mejor precio y en las mejores condiciones!<\/p>\n\n\t\t<\/div>\n\t<\/div>\n<\/div><\/div><\/div><\/div><\/div><\/div><\/div><\/div><div class=\"vc_row-full-width\"><\/div><div class=\"vc_row wpb_row vc_row-fluid vc_custom_1643748488973\"><div class=\"wpb_column vc_column_container vc_col-sm-12\"><div class=\"vc_column-inner\"><div class=\"wpb_wrapper\"><div class=\"vc_row wpb_row vc_inner vc_row-fluid\"><div class=\"wpb_column vc_column_container vc_col-sm-12\"><div class=\"vc_column-inner\"><div class=\"wpb_wrapper\"><\/div><\/div><\/div><\/div><div class=\"vc_row wpb_row vc_inner vc_row-fluid vc_row-o-content-middle vc_row-flex\"><div class=\"wpb_column vc_column_container vc_col-sm-6\"><div class=\"vc_column-inner\"><div class=\"wpb_wrapper\">\n\t<div class=\"wpb_text_column wpb_content_element\" >\n\t\t<div class=\"wpb_wrapper\">\n\t\t\t<h2><strong>Lo que quieren los compradores<\/strong><\/h2>\n<p>Puede que esto sea un poco prematuro si no ha decidido vender, pero puede resultarle \u00fatil en su proceso de toma de decisiones comprender no solo qui\u00e9n es el comprador, sino tambi\u00e9n qu\u00e9 querr\u00e1 saber para comprar su empresa. A continuaci\u00f3n, se indican algunas preguntas que podr\u00edan hacerle y que deber\u00eda estar preparado para responder:<\/p>\n\n\t\t<\/div>\n\t<\/div>\n\n\t<div class=\"wpb_text_column wpb_content_element\" >\n\t\t<div class=\"wpb_wrapper\">\n\t\t\t<p><span style=\"font-weight: 400;\">\ud83d\udd39\u00bfCu\u00e1nto dinero se requiere para comprar el negocio?<\/span><\/p>\n<p><span style=\"font-weight: 400;\">\ud83d\udd39\u00bfCu\u00e1l es el incremento anual de ventas?<\/span><\/p>\n<p><span style=\"font-weight: 400;\">\ud83d\udd39\u00bfCu\u00e1nto es el inventario?<\/span><\/p>\n<p><span style=\"font-weight: 400;\">\ud83d\udd39\u00bfQu\u00e9 es la deuda?<\/span><\/p>\n<p><span style=\"font-weight: 400;\">\ud83d\udd39\u00bfEl vendedor se capacitar\u00e1 y permanecer\u00e1 en el cargo por un tiempo?<\/span><\/p>\n<p><span style=\"font-weight: 400;\">\ud83d\udd39\u00bfQu\u00e9 hace que el negocio sea diferente\/especial\/\u00fanico?<\/span><\/p>\n<p><span style=\"font-weight: 400;\">\ud83d\udd39\u00bfQu\u00e9 define m\u00e1s el producto o servicio? \u00bfUn trabajo de licitaci\u00f3n? \u00bfUn negocio recurrente?<\/span><\/p>\n<p><span style=\"font-weight: 400;\">\ud83d\udd39\u00bfQu\u00e9 se puede hacer para hacer crecer el negocio?<\/span><\/p>\n<p><span style=\"font-weight: 400;\">\ud83d\udd39\u00bfQu\u00e9 puede hacer el comprador para agregar valor?<\/span><\/p>\n\n\t\t<\/div>\n\t<\/div>\n<\/div><\/div><\/div><div class=\"wpb_column vc_column_container vc_col-sm-6\"><div class=\"vc_column-inner\"><div class=\"wpb_wrapper\">\n\t<div  class=\"wpb_single_image wpb_content_element vc_align_left wpb_content_element\">\n\t\t\n\t\t<figure class=\"wpb_wrapper vc_figure\">\n\t\t\t<div class=\"vc_single_image-wrapper   vc_box_border_grey\"><img decoding=\"async\" width=\"1000\" height=\"900\" src=\"https:\/\/angelbg.com\/wp-content\/uploads\/2022\/02\/fss2.jpg\" class=\"vc_single_image-img attachment-full\" alt=\"\" title=\"fss2\" srcset=\"https:\/\/angelbg.com\/wp-content\/uploads\/2022\/02\/fss2.jpg 1000w, https:\/\/angelbg.com\/wp-content\/uploads\/2022\/02\/fss2-300x270.jpg 300w, https:\/\/angelbg.com\/wp-content\/uploads\/2022\/02\/fss2-768x691.jpg 768w, https:\/\/angelbg.com\/wp-content\/uploads\/2022\/02\/fss2-500x450.jpg 500w, https:\/\/angelbg.com\/wp-content\/uploads\/2022\/02\/fss2-600x540.jpg 600w\" sizes=\"(max-width: 1000px) 100vw, 1000px\" \/><\/div>\n\t\t<\/figure>\n\t<\/div>\n<\/div><\/div><\/div><\/div><\/div><\/div><\/div><\/div><div data-vc-full-width=\"true\" data-vc-full-width-init=\"false\" class=\"vc_row wpb_row vc_row-fluid vc_custom_1643814559471 vc_row-has-fill\"><div class=\"wpb_column vc_column_container vc_col-sm-12\"><div class=\"vc_column-inner\"><div class=\"wpb_wrapper\"><h2 style=\"text-align: center\" class=\"vc_custom_heading vc_do_custom_heading\" >Consulta nuestros listados de empresas<\/h2>\r<!-- radiantthemes-button -->\r<div class=\"radiantthemes-button hover-style-one  button-page\"  data-button-direction=\"center\" data-button-fullwidth=\"false\" ><a style=\"\" class=\"radiantthemes-button-main\" href=\"https:\/\/angelbg.com\/es\/contact-us\/\"  title=\"Cont\u00e1ctanos\" target=\"_blank\"><div class=\"placeholder\">Cont\u00e1ctanos<\/div><\/a><\/div>\r<!-- radiantthemes-button -->\r<\/div><\/div><\/div><\/div><div class=\"vc_row-full-width\"><\/div><div class=\"vc_row wpb_row vc_row-fluid\"><div class=\"wpb_column vc_column_container vc_col-sm-12\"><div class=\"vc_column-inner\"><div class=\"wpb_wrapper\"><div class=\"vc_row wpb_row vc_inner vc_row-fluid\"><div class=\"wpb_column vc_column_container vc_col-sm-12\"><div class=\"vc_column-inner\"><div class=\"wpb_wrapper\"><!-- blog -->\r<div class=\"blog element-eleven owl-carousel owl-nav-style-one owl-dot-style-two\"  data-owl-nav=\"true\" data-owl-dots=\"true\" data-owl-loop=\"true\" data-owl-autoplay=\"true\" data-owl-autoplay-timeout=\"1000000\" data-owl-mobile-items=\"1\" data-owl-tab-items=\"2\" data-owl-desktop-items=\"3\"><article class=\"blog-item\" ><div class=\"holder matchHeight\"><div class=\"pic\"><img decoding=\"async\" src=\"https:\/\/angelbg.com\/wp-content\/plugins\/radiantthemes-addons\/blog\/images\/blank-image-100x60.jpg\" alt=\"blank image\" width=\"100\" height=\"60\"><a class=\"holder\" href=\"https:\/\/angelbg.com\/es\/what-would-your-business-sell-for\/\" style=\"background-image:url(https:\/\/angelbg.com\/wp-content\/uploads\/2021\/11\/Dollarphotoclub_58092723-1024x680.jpg)\"><\/a><\/div><div class=\"data\"><h4><a href=\"https:\/\/angelbg.com\/es\/what-would-your-business-sell-for\/\">What Would Your Business Sell For?<\/a><\/h4><ul class=\"meta\"><li><i class=\"fa fa-clock-o\"><\/i><\/li><\/ul><\/div><\/div><\/article><article class=\"blog-item\" ><div class=\"holder matchHeight\"><div class=\"pic\"><img decoding=\"async\" src=\"https:\/\/angelbg.com\/wp-content\/plugins\/radiantthemes-addons\/blog\/images\/blank-image-100x60.jpg\" alt=\"blank image\" width=\"100\" height=\"60\"><a class=\"holder\" href=\"https:\/\/angelbg.com\/es\/rating-todays-business-buyers\/\" style=\"background-image:url(https:\/\/angelbg.com\/wp-content\/uploads\/2021\/11\/az-e1398463788900.png)\"><\/a><\/div><div class=\"data\"><h4><a href=\"https:\/\/angelbg.com\/es\/rating-todays-business-buyers\/\">Rating Today\u2019s Business Buyers<\/a><\/h4><ul class=\"meta\"><li><i class=\"fa fa-clock-o\"><\/i><\/li><\/ul><\/div><\/div><\/article><article class=\"blog-item\" ><div class=\"holder matchHeight\"><div class=\"pic\"><img decoding=\"async\" src=\"https:\/\/angelbg.com\/wp-content\/plugins\/radiantthemes-addons\/blog\/images\/blank-image-100x60.jpg\" alt=\"blank image\" width=\"100\" height=\"60\"><a class=\"holder\" href=\"https:\/\/angelbg.com\/es\/why-deals-dont-close\/\" style=\"background-image:url(https:\/\/angelbg.com\/wp-content\/uploads\/2021\/11\/Dollarphotoclub_44612901-1024x414.jpg)\"><\/a><\/div><div class=\"data\"><h4><a href=\"https:\/\/angelbg.com\/es\/why-deals-dont-close\/\">Why Deals Don\u2019t Close<\/a><\/h4><ul class=\"meta\"><li><i class=\"fa fa-clock-o\"><\/i><\/li><\/ul><\/div><\/div><\/article><article class=\"blog-item\" ><div class=\"holder matchHeight\"><div class=\"pic\"><img decoding=\"async\" src=\"https:\/\/angelbg.com\/wp-content\/plugins\/radiantthemes-addons\/blog\/images\/blank-image-100x60.jpg\" alt=\"blank image\" width=\"100\" height=\"60\"><a class=\"holder\" href=\"https:\/\/angelbg.com\/es\/confidentiality-agreement-what-is-it\/\" style=\"background-image:url(https:\/\/angelbg.com\/wp-content\/uploads\/2021\/11\/Dollarphotoclub_45925119-Pan-1-1024x576.jpg)\"><\/a><\/div><div class=\"data\"><h4><a href=\"https:\/\/angelbg.com\/es\/confidentiality-agreement-what-is-it\/\">Confidentiality Agreement \u2013 What Is It ?<\/a><\/h4><ul class=\"meta\"><li><i class=\"fa fa-clock-o\"><\/i><\/li><\/ul><\/div><\/div><\/article><article class=\"blog-item\" ><div class=\"holder matchHeight\"><div class=\"pic\"><img decoding=\"async\" src=\"https:\/\/angelbg.com\/wp-content\/plugins\/radiantthemes-addons\/blog\/images\/blank-image-100x60.jpg\" alt=\"blank image\" width=\"100\" height=\"60\"><a class=\"holder\" href=\"https:\/\/angelbg.com\/es\/when-is-the-best-time-to-sell-your-business\/\" style=\"background-image:url(https:\/\/angelbg.com\/wp-content\/uploads\/2021\/11\/Dollarphotoclub_62391592-1024x683.jpg)\"><\/a><\/div><div class=\"data\"><h4><a href=\"https:\/\/angelbg.com\/es\/when-is-the-best-time-to-sell-your-business\/\">When Is the Best Time to Sell Your Business?<\/a><\/h4><ul class=\"meta\"><li><i class=\"fa fa-clock-o\"><\/i><\/li><\/ul><\/div><\/div><\/article><article class=\"blog-item\" ><div class=\"holder matchHeight\"><div class=\"pic\"><img decoding=\"async\" src=\"https:\/\/angelbg.com\/wp-content\/plugins\/radiantthemes-addons\/blog\/images\/blank-image-100x60.jpg\" alt=\"blank image\" width=\"100\" height=\"60\"><a class=\"holder\" href=\"https:\/\/angelbg.com\/es\/what-is-a-letter-of-intent\/\" style=\"background-image:url(https:\/\/angelbg.com\/wp-content\/uploads\/2021\/11\/Dollarphotoclub_53288965-1024x683.jpg)\"><\/a><\/div><div class=\"data\"><h4><a href=\"https:\/\/angelbg.com\/es\/what-is-a-letter-of-intent\/\">What is a Letter of Intent?<\/a><\/h4><ul class=\"meta\"><li><i class=\"fa fa-clock-o\"><\/i><\/li><\/ul><\/div><\/div><\/article><article class=\"blog-item\" ><div class=\"holder matchHeight\"><div class=\"pic\"><img decoding=\"async\" src=\"https:\/\/angelbg.com\/wp-content\/plugins\/radiantthemes-addons\/blog\/images\/blank-image-100x60.jpg\" alt=\"blank image\" width=\"100\" height=\"60\"><a class=\"holder\" href=\"https:\/\/angelbg.com\/es\/company-weaknesses\/\" style=\"background-image:url(https:\/\/angelbg.com\/wp-content\/uploads\/2018\/03\/Dollarphotoclub_59480832-1024x671.jpg)\"><\/a><\/div><div class=\"data\"><h4><a href=\"https:\/\/angelbg.com\/es\/company-weaknesses\/\">Company Weaknesses<\/a><\/h4><ul class=\"meta\"><li><i class=\"fa fa-clock-o\"><\/i><\/li><\/ul><\/div><\/div><\/article><article class=\"blog-item\" ><div class=\"holder matchHeight\"><div class=\"pic\"><img decoding=\"async\" src=\"https:\/\/angelbg.com\/wp-content\/plugins\/radiantthemes-addons\/blog\/images\/blank-image-100x60.jpg\" alt=\"blank image\" width=\"100\" height=\"60\"><a class=\"holder\" href=\"https:\/\/angelbg.com\/es\/sell-your-company-in-texas\/\" style=\"background-image:url(https:\/\/angelbg.com\/wp-content\/uploads\/2021\/11\/Dollarphotoclub_66980485-1024x558.jpg)\"><\/a><\/div><div class=\"data\"><h4><a href=\"https:\/\/angelbg.com\/es\/sell-your-company-in-texas\/\">Sell Your Company in Texas?<\/a><\/h4><ul class=\"meta\"><li><i class=\"fa fa-clock-o\"><\/i><\/li><\/ul><\/div><\/div><\/article><\/div>\r<!-- blog -->\r<\/div><\/div><\/div><\/div><\/div><\/div><\/div><\/div>\n<\/div>","protected":false},"excerpt":{"rendered":"Sell Your Company in Texas. Sellers have to ask this question and give it serious thought prior to making the decision to sell. In too many instances, sellers get to the proverbial altar and then back down the aisle. In most cases, this happens because the seller\u2019s decision to sell has not been considered carefully [...]","protected":false},"author":6,"featured_media":5861,"parent":0,"menu_order":0,"comment_status":"closed","ping_status":"closed","template":"","meta":{"footnotes":""},"class_list":["post-4360","page","type-page","status-publish","has-post-thumbnail","hentry"],"yoast_head":"<!-- This site is optimized with the Yoast SEO Premium plugin v26.6 (Yoast SEO v27.4) - https:\/\/yoast.com\/product\/yoast-seo-premium-wordpress\/ -->\n<title>For Sellers Business Brokerage - Angel Brokers Group<\/title>\n<meta name=\"robots\" content=\"index, follow, max-snippet:-1, max-image-preview:large, max-video-preview:-1\" \/>\n<link rel=\"canonical\" href=\"https:\/\/angelbg.com\/es\/for-sellers-business-brokerage\/\" \/>\n<meta property=\"og:locale\" content=\"es_ES\" \/>\n<meta property=\"og:type\" content=\"article\" \/>\n<meta property=\"og:title\" content=\"For Sellers Business Brokerage\" \/>\n<meta property=\"og:url\" content=\"https:\/\/angelbg.com\/es\/for-sellers-business-brokerage\/\" \/>\n<meta property=\"og:site_name\" content=\"Angel Brokers Group\" \/>\n<meta property=\"article:modified_time\" content=\"2025-02-13T17:08:17+00:00\" \/>\n<meta property=\"og:image\" content=\"https:\/\/angelbg.com\/wp-content\/uploads\/2025\/02\/qtq80-MhVhJs.jpeg\" \/>\n\t<meta property=\"og:image:width\" content=\"2158\" \/>\n\t<meta property=\"og:image:height\" content=\"1440\" \/>\n\t<meta property=\"og:image:type\" content=\"image\/jpeg\" \/>\n<meta name=\"twitter:card\" content=\"summary_large_image\" \/>\n<meta name=\"twitter:label1\" content=\"Tiempo de lectura\" \/>\n\t<meta name=\"twitter:data1\" content=\"2 minutos\" \/>\n<script type=\"application\/ld+json\" class=\"yoast-schema-graph\">{\"@context\":\"https:\\\/\\\/schema.org\",\"@graph\":[{\"@type\":\"WebPage\",\"@id\":\"https:\\\/\\\/angelbg.com\\\/for-sellers-business-brokerage\\\/\",\"url\":\"https:\\\/\\\/angelbg.com\\\/for-sellers-business-brokerage\\\/\",\"name\":\"For Sellers Business Brokerage - Angel Brokers Group\",\"isPartOf\":{\"@id\":\"https:\\\/\\\/angelbg.com\\\/#website\"},\"primaryImageOfPage\":{\"@id\":\"https:\\\/\\\/angelbg.com\\\/for-sellers-business-brokerage\\\/#primaryimage\"},\"image\":{\"@id\":\"https:\\\/\\\/angelbg.com\\\/for-sellers-business-brokerage\\\/#primaryimage\"},\"thumbnailUrl\":\"https:\\\/\\\/angelbg.com\\\/wp-content\\\/uploads\\\/2025\\\/02\\\/qtq80-MhVhJs.jpeg\",\"datePublished\":\"2022-02-01T20:43:48+00:00\",\"dateModified\":\"2025-02-13T17:08:17+00:00\",\"breadcrumb\":{\"@id\":\"https:\\\/\\\/angelbg.com\\\/for-sellers-business-brokerage\\\/#breadcrumb\"},\"inLanguage\":\"es\",\"potentialAction\":[{\"@type\":\"ReadAction\",\"target\":[\"https:\\\/\\\/angelbg.com\\\/for-sellers-business-brokerage\\\/\"]}]},{\"@type\":\"ImageObject\",\"inLanguage\":\"es\",\"@id\":\"https:\\\/\\\/angelbg.com\\\/for-sellers-business-brokerage\\\/#primaryimage\",\"url\":\"https:\\\/\\\/angelbg.com\\\/wp-content\\\/uploads\\\/2025\\\/02\\\/qtq80-MhVhJs.jpeg\",\"contentUrl\":\"https:\\\/\\\/angelbg.com\\\/wp-content\\\/uploads\\\/2025\\\/02\\\/qtq80-MhVhJs.jpeg\",\"width\":2158,\"height\":1440,\"caption\":\"\\\"Successful business owner reviewing investment opportunities.\\\"\"},{\"@type\":\"BreadcrumbList\",\"@id\":\"https:\\\/\\\/angelbg.com\\\/for-sellers-business-brokerage\\\/#breadcrumb\",\"itemListElement\":[{\"@type\":\"ListItem\",\"position\":1,\"name\":\"Home\",\"item\":\"https:\\\/\\\/angelbg.com\\\/\"},{\"@type\":\"ListItem\",\"position\":2,\"name\":\"For Sellers Business Brokerage\"}]},{\"@type\":\"WebSite\",\"@id\":\"https:\\\/\\\/angelbg.com\\\/#website\",\"url\":\"https:\\\/\\\/angelbg.com\\\/\",\"name\":\"Angel Brokers Group\",\"description\":\"\",\"potentialAction\":[{\"@type\":\"SearchAction\",\"target\":{\"@type\":\"EntryPoint\",\"urlTemplate\":\"https:\\\/\\\/angelbg.com\\\/?s={search_term_string}\"},\"query-input\":{\"@type\":\"PropertyValueSpecification\",\"valueRequired\":true,\"valueName\":\"search_term_string\"}}],\"inLanguage\":\"es\"}]}<\/script>\n<!-- \/ Yoast SEO Premium plugin. -->","yoast_head_json":{"title":"For Sellers Business Brokerage - Angel Brokers Group","robots":{"index":"index","follow":"follow","max-snippet":"max-snippet:-1","max-image-preview":"max-image-preview:large","max-video-preview":"max-video-preview:-1"},"canonical":"https:\/\/angelbg.com\/es\/for-sellers-business-brokerage\/","og_locale":"es_ES","og_type":"article","og_title":"For Sellers Business Brokerage","og_url":"https:\/\/angelbg.com\/es\/for-sellers-business-brokerage\/","og_site_name":"Angel Brokers Group","article_modified_time":"2025-02-13T17:08:17+00:00","og_image":[{"width":2158,"height":1440,"url":"https:\/\/angelbg.com\/wp-content\/uploads\/2025\/02\/qtq80-MhVhJs.jpeg","type":"image\/jpeg"}],"twitter_card":"summary_large_image","twitter_misc":{"Tiempo de lectura":"2 minutos"},"schema":{"@context":"https:\/\/schema.org","@graph":[{"@type":"WebPage","@id":"https:\/\/angelbg.com\/for-sellers-business-brokerage\/","url":"https:\/\/angelbg.com\/for-sellers-business-brokerage\/","name":"For Sellers Business Brokerage - Angel Brokers Group","isPartOf":{"@id":"https:\/\/angelbg.com\/#website"},"primaryImageOfPage":{"@id":"https:\/\/angelbg.com\/for-sellers-business-brokerage\/#primaryimage"},"image":{"@id":"https:\/\/angelbg.com\/for-sellers-business-brokerage\/#primaryimage"},"thumbnailUrl":"https:\/\/angelbg.com\/wp-content\/uploads\/2025\/02\/qtq80-MhVhJs.jpeg","datePublished":"2022-02-01T20:43:48+00:00","dateModified":"2025-02-13T17:08:17+00:00","breadcrumb":{"@id":"https:\/\/angelbg.com\/for-sellers-business-brokerage\/#breadcrumb"},"inLanguage":"es","potentialAction":[{"@type":"ReadAction","target":["https:\/\/angelbg.com\/for-sellers-business-brokerage\/"]}]},{"@type":"ImageObject","inLanguage":"es","@id":"https:\/\/angelbg.com\/for-sellers-business-brokerage\/#primaryimage","url":"https:\/\/angelbg.com\/wp-content\/uploads\/2025\/02\/qtq80-MhVhJs.jpeg","contentUrl":"https:\/\/angelbg.com\/wp-content\/uploads\/2025\/02\/qtq80-MhVhJs.jpeg","width":2158,"height":1440,"caption":"\"Successful business owner reviewing investment opportunities.\""},{"@type":"BreadcrumbList","@id":"https:\/\/angelbg.com\/for-sellers-business-brokerage\/#breadcrumb","itemListElement":[{"@type":"ListItem","position":1,"name":"Home","item":"https:\/\/angelbg.com\/"},{"@type":"ListItem","position":2,"name":"For Sellers Business Brokerage"}]},{"@type":"WebSite","@id":"https:\/\/angelbg.com\/#website","url":"https:\/\/angelbg.com\/","name":"Angel Brokers Group","description":"","potentialAction":[{"@type":"SearchAction","target":{"@type":"EntryPoint","urlTemplate":"https:\/\/angelbg.com\/?s={search_term_string}"},"query-input":{"@type":"PropertyValueSpecification","valueRequired":true,"valueName":"search_term_string"}}],"inLanguage":"es"}]}},"_hostinger_reach_plugin_has_subscription_block":false,"_hostinger_reach_plugin_is_elementor":false,"jetpack_sharing_enabled":true,"_links":{"self":[{"href":"https:\/\/angelbg.com\/es\/wp-json\/wp\/v2\/pages\/4360","targetHints":{"allow":["GET"]}}],"collection":[{"href":"https:\/\/angelbg.com\/es\/wp-json\/wp\/v2\/pages"}],"about":[{"href":"https:\/\/angelbg.com\/es\/wp-json\/wp\/v2\/types\/page"}],"author":[{"embeddable":true,"href":"https:\/\/angelbg.com\/es\/wp-json\/wp\/v2\/users\/6"}],"replies":[{"embeddable":true,"href":"https:\/\/angelbg.com\/es\/wp-json\/wp\/v2\/comments?post=4360"}],"version-history":[{"count":17,"href":"https:\/\/angelbg.com\/es\/wp-json\/wp\/v2\/pages\/4360\/revisions"}],"predecessor-version":[{"id":5572,"href":"https:\/\/angelbg.com\/es\/wp-json\/wp\/v2\/pages\/4360\/revisions\/5572"}],"wp:featuredmedia":[{"embeddable":true,"href":"https:\/\/angelbg.com\/es\/wp-json\/wp\/v2\/media\/5861"}],"wp:attachment":[{"href":"https:\/\/angelbg.com\/es\/wp-json\/wp\/v2\/media?parent=4360"}],"curies":[{"name":"wp","href":"https:\/\/api.w.org\/{rel}","templated":true}]}}