{"id":4366,"date":"2022-02-01T20:54:21","date_gmt":"2022-02-01T20:54:21","guid":{"rendered":"https:\/\/angelbg.com\/?page_id=4366"},"modified":"2025-02-13T17:04:53","modified_gmt":"2025-02-13T17:04:53","slug":"for-buyers-business-brokerage","status":"publish","type":"page","link":"https:\/\/angelbg.com\/es\/for-buyers-business-brokerage\/","title":{"rendered":"For Buyers Business Brokerage"},"content":{"rendered":"<div class=\"wpb-content-wrapper\"><div class=\"vc_row wpb_row vc_row-fluid vc_custom_1643748969274\"><div class=\"wpb_column vc_column_container vc_col-sm-12\"><div class=\"vc_column-inner\"><div class=\"wpb_wrapper\"><div class=\"vc_row wpb_row vc_inner vc_row-fluid vc_row-o-content-top vc_row-flex\"><div class=\"wpb_column vc_column_container vc_col-sm-6\"><div class=\"vc_column-inner\"><div class=\"wpb_wrapper\">\n\t<div  class=\"wpb_single_image wpb_content_element vc_align_left wpb_content_element\">\n\t\t\n\t\t<figure class=\"wpb_wrapper vc_figure\">\n\t\t\t<div class=\"vc_single_image-wrapper   vc_box_border_grey\"><img decoding=\"async\" width=\"1182\" height=\"787\" src=\"https:\/\/angelbg.com\/wp-content\/uploads\/2022\/02\/own.jpg\" class=\"vc_single_image-img attachment-full\" alt=\"\" title=\"own\" srcset=\"https:\/\/angelbg.com\/wp-content\/uploads\/2022\/02\/own.jpg 1182w, https:\/\/angelbg.com\/wp-content\/uploads\/2022\/02\/own-300x200.jpg 300w, https:\/\/angelbg.com\/wp-content\/uploads\/2022\/02\/own-1024x682.jpg 1024w, https:\/\/angelbg.com\/wp-content\/uploads\/2022\/02\/own-768x511.jpg 768w, https:\/\/angelbg.com\/wp-content\/uploads\/2022\/02\/own-500x333.jpg 500w, https:\/\/angelbg.com\/wp-content\/uploads\/2022\/02\/own-600x399.jpg 600w\" sizes=\"(max-width: 1182px) 100vw, 1182px\" \/><\/div>\n\t\t<\/figure>\n\t<\/div>\n<\/div><\/div><\/div><div class=\"wpb_column vc_column_container vc_col-sm-6\"><div class=\"vc_column-inner\"><div class=\"wpb_wrapper\">\n\t<div class=\"wpb_text_column wpb_content_element vc_custom_1739466289815\" >\n\t\t<div class=\"wpb_wrapper\">\n\t\t\t<div class=\"flex max-w-full flex-col flex-grow\">\n<div class=\"min-h-8 text-message flex w-full flex-col items-end gap-2 whitespace-normal break-words text-start &#091;.text-message+&amp;&#093;:mt-5\" dir=\"auto\" data-message-author-role=\"assistant\" data-message-id=\"d442948e-59dd-4dbf-b989-ec1c3f57d498\" data-message-model-slug=\"gpt-4o\">\n<div class=\"flex w-full flex-col gap-1 empty:hidden first:pt-&#091;3px&#093;\">\n<div class=\"markdown prose w-full break-words dark:prose-invert dark\">\n<h2 data-start=\"0\" data-end=\"57\"><strong data-start=\"0\" data-end=\"55\">Convierte tu sue\u00f1o en realidad: s\u00e9 due\u00f1o de tu propio negocio<\/strong><\/h2>\n<p data-start=\"0\" data-end=\"278\">Emprender el viaje hacia la propiedad de su propio negocio es una tarea emocionante, pero el proceso de compra puede ser complicado. Desde la identificaci\u00f3n de un negocio que se ajuste a sus aspiraciones hasta garantizar una transici\u00f3n sin problemas de propiedad, cada paso requiere una consideraci\u00f3n cuidadosa.<\/p>\n<p data-start=\"280\" data-end=\"735\">Si bien el concepto de una empresa \u201cperfecta\u201d es subjetivo, asociarse con un corredor de negocios experimentado puede mejorar significativamente su b\u00fasqueda. Estos profesionales comprenden la importancia de encontrar una empresa que complemente sus necesidades, talentos, habilidades y estilo de vida. Con acceso a una cartera diversificada de empresas, un corredor puede guiarlo a trav\u00e9s de todo el proceso de adquisici\u00f3n, aprovechando su conocimiento y experiencia para facilitar la toma de decisiones informadas.<\/p>\n<p data-start=\"737\" data-end=\"851\">A continuaci\u00f3n, proporcionamos informaci\u00f3n valiosa para ayudarlo a determinar si comprar una empresa se alinea con sus objetivos.<\/p>\n<h3 data-start=\"853\" data-end=\"903\"><strong data-start=\"853\" data-end=\"903\">Comprender el proceso de adquisici\u00f3n de empresas<\/strong><\/h3>\n<p data-start=\"908\" data-end=\"1039\"><strong data-start=\"908\" data-end=\"927\">Autoevaluaci\u00f3n<\/strong>:Eval\u00faa tus habilidades, intereses y capacidad financiera para determinar el tipo de negocio que m\u00e1s te conviene.<\/p>\n<p data-start=\"1044\" data-end=\"1156\"><strong data-start=\"1044\" data-end=\"1063\">Investigaci\u00f3n de mercado<\/strong>:Investigar industrias y mercados para identificar oportunidades que se alineen con sus criterios.<\/p>\n<p data-start=\"1161\" data-end=\"1320\"><strong data-start=\"1161\" data-end=\"1189\">Contratar un corredor de negocios<\/strong>:As\u00f3ciese con un corredor de confianza para acceder a una amplia gama de negocios en venta y recibir orientaci\u00f3n experta durante todo el proceso.<\/p>\n<p data-start=\"1325\" data-end=\"1480\"><strong data-start=\"1325\" data-end=\"1342\">Debida diligencia<\/strong>:Realizar evaluaciones exhaustivas de empresas potenciales, incluidas auditor\u00edas financieras, an\u00e1lisis de la posici\u00f3n en el mercado y evaluaciones operativas.<\/p>\n<p data-start=\"1485\" data-end=\"1626\"><strong data-start=\"1485\" data-end=\"1523\">Negociaci\u00f3n y Acuerdo de Compra<\/strong>:Trabaje con su corredor para negociar los t\u00e9rminos y redactar un acuerdo de compra que proteja sus intereses.<\/p>\n<p data-start=\"1631\" data-end=\"1804\"><strong data-start=\"1631\" data-end=\"1654\">Planificaci\u00f3n de la transici\u00f3n<\/strong>:Desarrollar un plan para garantizar una transici\u00f3n de propiedad sin problemas, incluida la comunicaci\u00f3n con los empleados, los acuerdos con los proveedores y las estrategias de retenci\u00f3n de clientes.<\/p>\n<p data-start=\"1806\" data-end=\"1991\">Si sigue estos pasos y aprovecha la experiencia de un corredor de negocios, podr\u00e1 sortear las complejidades de la compra de una empresa y embarcarse en un gratificante viaje empresarial.<\/p>\n<\/div>\n<\/div>\n<\/div>\n<\/div>\n\n\t\t<\/div>\n\t<\/div>\n\r<!-- radiantthemes-button -->\r<div class=\"radiantthemes-button hover-style-one  button-page\"  data-button-direction=\"center\" data-button-fullwidth=\"false\" ><a style=\"\" class=\"radiantthemes-button-main\" href=\"https:\/\/angelbg.com\/es\/contact-us\/\"  title=\"Listing Business\" target=\"_blank\"><div class=\"placeholder\">Cont\u00e1ctanos<\/div><\/a><\/div>\r<!-- radiantthemes-button -->\r<\/div><\/div><\/div><\/div><\/div><\/div><\/div><\/div><div class=\"vc_row wpb_row vc_row-fluid\"><div class=\"wpb_column vc_column_container vc_col-sm-6\"><div class=\"vc_column-inner\"><div class=\"wpb_wrapper\">\n\t<div class=\"wpb_text_column wpb_content_element vc_custom_1734362257317\" >\n\t\t<div class=\"wpb_wrapper\">\n\t\t\t<h2><b>C\u00f3mo podemos ayudar<\/b>?<\/h2>\n<p>&nbsp;<\/p>\n<ul>\n<li><b>Experiencia en diferentes industrias<\/b>:Ya sea que est\u00e9 vendiendo una peque\u00f1a empresa de Main Street o adquiriendo una empresa del mercado medio bajo, nuestro profundo conocimiento de la industria y nuestra perspectiva del mercado garantizan que su empresa est\u00e9 posicionada adecuadamente para obtener el m\u00e1ximo valor.<\/li>\n<li><b>Valoraciones empresariales integrales<\/b>:Le ayudamos a determinar el valor real de una empresa utilizando m\u00e9todos de valoraci\u00f3n probados, garantizando precios justos y competitivos tanto para compradores como para vendedores.<\/li>\n<li><b>Negociaci\u00f3n y estructuraci\u00f3n de acuerdos<\/b>Nuestros h\u00e1biles negociadores garantizan que sus objetivos se cumplan manteniendo t\u00e9rminos justos para todas las partes, navegando las complejidades con confianza.<\/li>\n<li><b>Soporte integral para cierres<\/b>Desde la preparaci\u00f3n de la documentaci\u00f3n hasta la facilitaci\u00f3n de la debida diligencia y la finalizaci\u00f3n de los contratos, manejamos todos los aspectos del proceso de cierre, asegurando una transici\u00f3n sin problemas.<\/li>\n<\/ul>\n<p style=\"text-align: left;\">Con Angel Brokers Group, puede confiar en que su transacci\u00f3n comercial est\u00e1 en buenas manos. Nos comprometemos a ayudarlo a alcanzar sus objetivos con integridad, profesionalismo y un enfoque orientado a los resultados.<\/p>\n\n\t\t<\/div>\n\t<\/div>\n\r<!-- radiantthemes-button -->\r<div class=\"radiantthemes-button hover-style-one  button-page\"  data-button-direction=\"center\" data-button-fullwidth=\"false\" ><a style=\"\" class=\"radiantthemes-button-main\" href=\"https:\/\/angelbg.com\/es\/contact-us\/\"  title=\"Listing Business\" target=\"_blank\"><div class=\"placeholder\">Cont\u00e1ctanos<\/div><\/a><\/div>\r<!-- radiantthemes-button -->\r<\/div><\/div><\/div><div class=\"wpb_column vc_column_container vc_col-sm-6\"><div class=\"vc_column-inner\"><div class=\"wpb_wrapper\">\n\t<div  class=\"wpb_single_image wpb_content_element vc_align_left wpb_content_element\">\n\t\t\n\t\t<figure class=\"wpb_wrapper vc_figure\">\n\t\t\t<div class=\"vc_single_image-wrapper   vc_box_border_grey\"><img decoding=\"async\" width=\"1000\" height=\"900\" src=\"https:\/\/angelbg.com\/wp-content\/uploads\/2022\/02\/fb.jpg\" class=\"vc_single_image-img attachment-full\" alt=\"\" title=\"fb\" srcset=\"https:\/\/angelbg.com\/wp-content\/uploads\/2022\/02\/fb.jpg 1000w, https:\/\/angelbg.com\/wp-content\/uploads\/2022\/02\/fb-300x270.jpg 300w, https:\/\/angelbg.com\/wp-content\/uploads\/2022\/02\/fb-768x691.jpg 768w, https:\/\/angelbg.com\/wp-content\/uploads\/2022\/02\/fb-500x450.jpg 500w, https:\/\/angelbg.com\/wp-content\/uploads\/2022\/02\/fb-600x540.jpg 600w\" sizes=\"(max-width: 1000px) 100vw, 1000px\" \/><\/div>\n\t\t<\/figure>\n\t<\/div>\n<\/div><\/div><\/div><\/div><div class=\"vc_row wpb_row vc_row-fluid\"><div class=\"wpb_column vc_column_container vc_col-sm-12\"><div class=\"vc_column-inner vc_custom_1734362163635\"><div class=\"wpb_wrapper\"><div class=\"vc_row wpb_row vc_inner vc_row-fluid\"><div class=\"wpb_column vc_column_container vc_col-sm-12\"><div class=\"vc_column-inner\"><div class=\"wpb_wrapper\"><!-- blog -->\r<div class=\"blog element-eleven owl-carousel owl-nav-style-one owl-dot-style-two\"  data-owl-nav=\"true\" data-owl-dots=\"true\" data-owl-loop=\"true\" data-owl-autoplay=\"true\" data-owl-autoplay-timeout=\"1000000\" data-owl-mobile-items=\"1\" data-owl-tab-items=\"2\" data-owl-desktop-items=\"3\"><article class=\"blog-item\" ><div class=\"holder matchHeight\"><div class=\"pic\"><img decoding=\"async\" src=\"https:\/\/angelbg.com\/wp-content\/plugins\/radiantthemes-addons\/blog\/images\/blank-image-100x60.jpg\" alt=\"blank image\" width=\"100\" height=\"60\"><a class=\"holder\" href=\"https:\/\/angelbg.com\/es\/what-is-the-real-reason-people-go-into-business-for-themselves\/\" style=\"background-image:url(https:\/\/angelbg.com\/wp-content\/uploads\/2021\/11\/Dollarphotoclub_63659724.jpg)\"><\/a><\/div><div class=\"data\"><h4><a href=\"https:\/\/angelbg.com\/es\/what-is-the-real-reason-people-go-into-business-for-themselves\/\">What is the Real Reason People Go into Business for Themselves?<\/a><\/h4><ul class=\"meta\"><li><i class=\"fa fa-clock-o\"><\/i><\/li><\/ul><\/div><\/div><\/article><article class=\"blog-item\" ><div class=\"holder matchHeight\"><div class=\"pic\"><img decoding=\"async\" src=\"https:\/\/angelbg.com\/wp-content\/plugins\/radiantthemes-addons\/blog\/images\/blank-image-100x60.jpg\" alt=\"blank image\" width=\"100\" height=\"60\"><a class=\"holder\" href=\"https:\/\/angelbg.com\/es\/a-buyers-quandary\/\" style=\"background-image:url(https:\/\/angelbg.com\/wp-content\/uploads\/2021\/11\/Dollarphotoclub_60534489-pan.jpg)\"><\/a><\/div><div class=\"data\"><h4><a href=\"https:\/\/angelbg.com\/es\/a-buyers-quandary\/\">A Buyer\u2019s Quandary<\/a><\/h4><ul class=\"meta\"><li><i class=\"fa fa-clock-o\"><\/i><\/li><\/ul><\/div><\/div><\/article><article class=\"blog-item\" ><div class=\"holder matchHeight\"><div class=\"pic\"><img decoding=\"async\" src=\"https:\/\/angelbg.com\/wp-content\/plugins\/radiantthemes-addons\/blog\/images\/blank-image-100x60.jpg\" alt=\"blank image\" width=\"100\" height=\"60\"><a class=\"holder\" href=\"https:\/\/angelbg.com\/es\/advantages-of-buying-an-existing-business\/\" style=\"background-image:url(https:\/\/angelbg.com\/wp-content\/uploads\/2021\/11\/Dollarphotoclub_56094822.jpg)\"><\/a><\/div><div class=\"data\"><h4><a href=\"https:\/\/angelbg.com\/es\/advantages-of-buying-an-existing-business\/\">Advantages of Buying an Existing Business<\/a><\/h4><ul class=\"meta\"><li><i class=\"fa fa-clock-o\"><\/i><\/li><\/ul><\/div><\/div><\/article><article class=\"blog-item\" ><div class=\"holder matchHeight\"><div class=\"pic\"><img decoding=\"async\" src=\"https:\/\/angelbg.com\/wp-content\/plugins\/radiantthemes-addons\/blog\/images\/blank-image-100x60.jpg\" alt=\"blank image\" width=\"100\" height=\"60\"><a class=\"holder\" href=\"https:\/\/angelbg.com\/es\/questions-to-consider-for-the-serious-buyer\/\" style=\"background-image:url(https:\/\/angelbg.com\/wp-content\/uploads\/2021\/11\/Dollarphotoclub_60135790.jpg)\"><\/a><\/div><div class=\"data\"><h4><a href=\"https:\/\/angelbg.com\/es\/questions-to-consider-for-the-serious-buyer\/\">Questions to Consider for the Serious Buyer<\/a><\/h4><ul class=\"meta\"><li><i class=\"fa fa-clock-o\"><\/i><\/li><\/ul><\/div><\/div><\/article><article class=\"blog-item\" ><div class=\"holder matchHeight\"><div class=\"pic\"><img decoding=\"async\" src=\"https:\/\/angelbg.com\/wp-content\/plugins\/radiantthemes-addons\/blog\/images\/blank-image-100x60.jpg\" alt=\"blank image\" width=\"100\" height=\"60\"><a class=\"holder\" href=\"https:\/\/angelbg.com\/es\/why-do-deals-fall-apart\/\" style=\"background-image:url(https:\/\/angelbg.com\/wp-content\/uploads\/2021\/11\/Dollarphotoclub_51864854-1024x768.jpg)\"><\/a><\/div><div class=\"data\"><h4><a href=\"https:\/\/angelbg.com\/es\/why-do-deals-fall-apart\/\">Why Do Deals Fall Apart?<\/a><\/h4><ul class=\"meta\"><li><i class=\"fa fa-clock-o\"><\/i><\/li><\/ul><\/div><\/div><\/article><article class=\"blog-item\" ><div class=\"holder matchHeight\"><div class=\"pic\"><img decoding=\"async\" src=\"https:\/\/angelbg.com\/wp-content\/plugins\/radiantthemes-addons\/blog\/images\/blank-image-100x60.jpg\" alt=\"blank image\" width=\"100\" height=\"60\"><a class=\"holder\" href=\"https:\/\/angelbg.com\/es\/what-should-i-look-for-in-a-business\/\" style=\"background-image:url(https:\/\/angelbg.com\/wp-content\/uploads\/2021\/11\/Dollarphotoclub_51601104-1024x680.jpg)\"><\/a><\/div><div class=\"data\"><h4><a href=\"https:\/\/angelbg.com\/es\/what-should-i-look-for-in-a-business\/\">What Should I Look for in a Business?<\/a><\/h4><ul class=\"meta\"><li><i class=\"fa fa-clock-o\"><\/i><\/li><\/ul><\/div><\/div><\/article><article class=\"blog-item\" ><div class=\"holder matchHeight\"><div class=\"pic\"><img decoding=\"async\" src=\"https:\/\/angelbg.com\/wp-content\/plugins\/radiantthemes-addons\/blog\/images\/blank-image-100x60.jpg\" alt=\"blank image\" width=\"100\" height=\"60\"><a class=\"holder\" href=\"https:\/\/angelbg.com\/es\/why-should-i-buy-a-business-rather-than-starting-a-new-one\/\" style=\"background-image:url(https:\/\/angelbg.com\/wp-content\/uploads\/2021\/10\/Dollarphotoclub_61418644-300x120-1.jpg)\"><\/a><\/div><div class=\"data\"><h4><a href=\"https:\/\/angelbg.com\/es\/why-should-i-buy-a-business-rather-than-starting-a-new-one\/\">Why should I buy a business rather than starting a new one?<\/a><\/h4><ul class=\"meta\"><li><i class=\"fa fa-clock-o\"><\/i><\/li><\/ul><\/div><\/div><\/article><article class=\"blog-item\" ><div class=\"holder matchHeight\"><div class=\"pic\"><img decoding=\"async\" src=\"https:\/\/angelbg.com\/wp-content\/plugins\/radiantthemes-addons\/blog\/images\/blank-image-100x60.jpg\" alt=\"blank image\" width=\"100\" height=\"60\"><a class=\"holder\" href=\"https:\/\/angelbg.com\/es\/a-pig-in-a-poke-2\/\" style=\"background-image:url(https:\/\/angelbg.com\/wp-content\/uploads\/2018\/03\/Dollarphotoclub_59452326-1024x678.jpg)\"><\/a><\/div><div class=\"data\"><h4><a href=\"https:\/\/angelbg.com\/es\/a-pig-in-a-poke-2\/\">A \u201cPig in a Poke\u201d<\/a><\/h4><ul class=\"meta\"><li><i class=\"fa fa-clock-o\"><\/i><\/li><\/ul><\/div><\/div><\/article><article class=\"blog-item\" ><div class=\"holder matchHeight\"><div class=\"pic\"><img decoding=\"async\" src=\"https:\/\/angelbg.com\/wp-content\/plugins\/radiantthemes-addons\/blog\/images\/blank-image-100x60.jpg\" alt=\"blank image\" width=\"100\" height=\"60\"><a class=\"holder\" href=\"https:\/\/angelbg.com\/es\/company-weaknesses-2\/\" style=\"background-image:url(https:\/\/angelbg.com\/wp-content\/uploads\/2021\/11\/Dollarphotoclub_59480832-1024x671.jpg)\"><\/a><\/div><div class=\"data\"><h4><a href=\"https:\/\/angelbg.com\/es\/company-weaknesses-2\/\">Company Weaknesses<\/a><\/h4><ul class=\"meta\"><li><i class=\"fa fa-clock-o\"><\/i><\/li><\/ul><\/div><\/div><\/article><\/div>\r<!-- blog -->\r<\/div><\/div><\/div><\/div><\/div><\/div><\/div><\/div>\n<\/div>","protected":false},"excerpt":{"rendered":"Take two seemingly identical companies with very similar financials, but one of the companies was worth substantially more than the other company. One company will sell for $10 million \u201cas is\u201d or some changes can be made and the same company can be sold for $15 million. Following is a partial list of potential company [...]","protected":false},"author":6,"featured_media":5863,"parent":0,"menu_order":0,"comment_status":"closed","ping_status":"closed","template":"","meta":{"footnotes":""},"class_list":["post-4366","page","type-page","status-publish","has-post-thumbnail","hentry"],"yoast_head":"<!-- This site is optimized with the Yoast SEO Premium plugin v26.6 (Yoast SEO v27.4) - https:\/\/yoast.com\/product\/yoast-seo-premium-wordpress\/ -->\n<title>For Buyers Business Brokerage - Angel Brokers Group<\/title>\n<meta name=\"robots\" content=\"index, follow, max-snippet:-1, max-image-preview:large, max-video-preview:-1\" \/>\n<link rel=\"canonical\" href=\"https:\/\/angelbg.com\/es\/for-buyers-business-brokerage\/\" \/>\n<meta property=\"og:locale\" content=\"es_ES\" \/>\n<meta property=\"og:type\" content=\"article\" \/>\n<meta property=\"og:title\" content=\"For Buyers Business Brokerage\" \/>\n<meta property=\"og:url\" content=\"https:\/\/angelbg.com\/es\/for-buyers-business-brokerage\/\" \/>\n<meta property=\"og:site_name\" content=\"Angel Brokers Group\" \/>\n<meta property=\"article:modified_time\" content=\"2025-02-13T17:04:53+00:00\" \/>\n<meta property=\"og:image\" content=\"https:\/\/angelbg.com\/wp-content\/uploads\/2025\/02\/qtq80-7dMfqm.jpeg\" \/>\n\t<meta property=\"og:image:width\" content=\"1411\" \/>\n\t<meta property=\"og:image:height\" content=\"744\" \/>\n\t<meta property=\"og:image:type\" content=\"image\/jpeg\" \/>\n<meta name=\"twitter:card\" content=\"summary_large_image\" \/>\n<meta name=\"twitter:label1\" content=\"Tiempo de lectura\" \/>\n\t<meta name=\"twitter:data1\" content=\"3 minutos\" \/>\n<script type=\"application\/ld+json\" class=\"yoast-schema-graph\">{\"@context\":\"https:\\\/\\\/schema.org\",\"@graph\":[{\"@type\":\"WebPage\",\"@id\":\"https:\\\/\\\/angelbg.com\\\/for-buyers-business-brokerage\\\/\",\"url\":\"https:\\\/\\\/angelbg.com\\\/for-buyers-business-brokerage\\\/\",\"name\":\"For Buyers Business Brokerage - Angel Brokers Group\",\"isPartOf\":{\"@id\":\"https:\\\/\\\/angelbg.com\\\/#website\"},\"primaryImageOfPage\":{\"@id\":\"https:\\\/\\\/angelbg.com\\\/for-buyers-business-brokerage\\\/#primaryimage\"},\"image\":{\"@id\":\"https:\\\/\\\/angelbg.com\\\/for-buyers-business-brokerage\\\/#primaryimage\"},\"thumbnailUrl\":\"https:\\\/\\\/angelbg.com\\\/wp-content\\\/uploads\\\/2025\\\/02\\\/qtq80-7dMfqm.jpeg\",\"datePublished\":\"2022-02-01T20:54:21+00:00\",\"dateModified\":\"2025-02-13T17:04:53+00:00\",\"breadcrumb\":{\"@id\":\"https:\\\/\\\/angelbg.com\\\/for-buyers-business-brokerage\\\/#breadcrumb\"},\"inLanguage\":\"es\",\"potentialAction\":[{\"@type\":\"ReadAction\",\"target\":[\"https:\\\/\\\/angelbg.com\\\/for-buyers-business-brokerage\\\/\"]}]},{\"@type\":\"ImageObject\",\"inLanguage\":\"es\",\"@id\":\"https:\\\/\\\/angelbg.com\\\/for-buyers-business-brokerage\\\/#primaryimage\",\"url\":\"https:\\\/\\\/angelbg.com\\\/wp-content\\\/uploads\\\/2025\\\/02\\\/qtq80-7dMfqm.jpeg\",\"contentUrl\":\"https:\\\/\\\/angelbg.com\\\/wp-content\\\/uploads\\\/2025\\\/02\\\/qtq80-7dMfqm.jpeg\",\"width\":1411,\"height\":744,\"caption\":\"\\\"Successful business owner reviewing investment opportunities.\\\"\"},{\"@type\":\"BreadcrumbList\",\"@id\":\"https:\\\/\\\/angelbg.com\\\/for-buyers-business-brokerage\\\/#breadcrumb\",\"itemListElement\":[{\"@type\":\"ListItem\",\"position\":1,\"name\":\"Home\",\"item\":\"https:\\\/\\\/angelbg.com\\\/\"},{\"@type\":\"ListItem\",\"position\":2,\"name\":\"For Buyers Business Brokerage\"}]},{\"@type\":\"WebSite\",\"@id\":\"https:\\\/\\\/angelbg.com\\\/#website\",\"url\":\"https:\\\/\\\/angelbg.com\\\/\",\"name\":\"Angel Brokers Group\",\"description\":\"\",\"potentialAction\":[{\"@type\":\"SearchAction\",\"target\":{\"@type\":\"EntryPoint\",\"urlTemplate\":\"https:\\\/\\\/angelbg.com\\\/?s={search_term_string}\"},\"query-input\":{\"@type\":\"PropertyValueSpecification\",\"valueRequired\":true,\"valueName\":\"search_term_string\"}}],\"inLanguage\":\"es\"}]}<\/script>\n<!-- \/ Yoast SEO Premium plugin. -->","yoast_head_json":{"title":"For Buyers Business Brokerage - Angel Brokers Group","robots":{"index":"index","follow":"follow","max-snippet":"max-snippet:-1","max-image-preview":"max-image-preview:large","max-video-preview":"max-video-preview:-1"},"canonical":"https:\/\/angelbg.com\/es\/for-buyers-business-brokerage\/","og_locale":"es_ES","og_type":"article","og_title":"For Buyers Business Brokerage","og_url":"https:\/\/angelbg.com\/es\/for-buyers-business-brokerage\/","og_site_name":"Angel Brokers Group","article_modified_time":"2025-02-13T17:04:53+00:00","og_image":[{"width":1411,"height":744,"url":"https:\/\/angelbg.com\/wp-content\/uploads\/2025\/02\/qtq80-7dMfqm.jpeg","type":"image\/jpeg"}],"twitter_card":"summary_large_image","twitter_misc":{"Tiempo de lectura":"3 minutos"},"schema":{"@context":"https:\/\/schema.org","@graph":[{"@type":"WebPage","@id":"https:\/\/angelbg.com\/for-buyers-business-brokerage\/","url":"https:\/\/angelbg.com\/for-buyers-business-brokerage\/","name":"For Buyers Business Brokerage - Angel Brokers Group","isPartOf":{"@id":"https:\/\/angelbg.com\/#website"},"primaryImageOfPage":{"@id":"https:\/\/angelbg.com\/for-buyers-business-brokerage\/#primaryimage"},"image":{"@id":"https:\/\/angelbg.com\/for-buyers-business-brokerage\/#primaryimage"},"thumbnailUrl":"https:\/\/angelbg.com\/wp-content\/uploads\/2025\/02\/qtq80-7dMfqm.jpeg","datePublished":"2022-02-01T20:54:21+00:00","dateModified":"2025-02-13T17:04:53+00:00","breadcrumb":{"@id":"https:\/\/angelbg.com\/for-buyers-business-brokerage\/#breadcrumb"},"inLanguage":"es","potentialAction":[{"@type":"ReadAction","target":["https:\/\/angelbg.com\/for-buyers-business-brokerage\/"]}]},{"@type":"ImageObject","inLanguage":"es","@id":"https:\/\/angelbg.com\/for-buyers-business-brokerage\/#primaryimage","url":"https:\/\/angelbg.com\/wp-content\/uploads\/2025\/02\/qtq80-7dMfqm.jpeg","contentUrl":"https:\/\/angelbg.com\/wp-content\/uploads\/2025\/02\/qtq80-7dMfqm.jpeg","width":1411,"height":744,"caption":"\"Successful business owner reviewing investment opportunities.\""},{"@type":"BreadcrumbList","@id":"https:\/\/angelbg.com\/for-buyers-business-brokerage\/#breadcrumb","itemListElement":[{"@type":"ListItem","position":1,"name":"Home","item":"https:\/\/angelbg.com\/"},{"@type":"ListItem","position":2,"name":"For Buyers Business Brokerage"}]},{"@type":"WebSite","@id":"https:\/\/angelbg.com\/#website","url":"https:\/\/angelbg.com\/","name":"Angel Brokers Group","description":"","potentialAction":[{"@type":"SearchAction","target":{"@type":"EntryPoint","urlTemplate":"https:\/\/angelbg.com\/?s={search_term_string}"},"query-input":{"@type":"PropertyValueSpecification","valueRequired":true,"valueName":"search_term_string"}}],"inLanguage":"es"}]}},"_hostinger_reach_plugin_has_subscription_block":false,"_hostinger_reach_plugin_is_elementor":false,"jetpack_sharing_enabled":true,"_links":{"self":[{"href":"https:\/\/angelbg.com\/es\/wp-json\/wp\/v2\/pages\/4366","targetHints":{"allow":["GET"]}}],"collection":[{"href":"https:\/\/angelbg.com\/es\/wp-json\/wp\/v2\/pages"}],"about":[{"href":"https:\/\/angelbg.com\/es\/wp-json\/wp\/v2\/types\/page"}],"author":[{"embeddable":true,"href":"https:\/\/angelbg.com\/es\/wp-json\/wp\/v2\/users\/6"}],"replies":[{"embeddable":true,"href":"https:\/\/angelbg.com\/es\/wp-json\/wp\/v2\/comments?post=4366"}],"version-history":[{"count":26,"href":"https:\/\/angelbg.com\/es\/wp-json\/wp\/v2\/pages\/4366\/revisions"}],"predecessor-version":[{"id":5867,"href":"https:\/\/angelbg.com\/es\/wp-json\/wp\/v2\/pages\/4366\/revisions\/5867"}],"wp:featuredmedia":[{"embeddable":true,"href":"https:\/\/angelbg.com\/es\/wp-json\/wp\/v2\/media\/5863"}],"wp:attachment":[{"href":"https:\/\/angelbg.com\/es\/wp-json\/wp\/v2\/media?parent=4366"}],"curies":[{"name":"wp","href":"https:\/\/api.w.org\/{rel}","templated":true}]}}