{"id":5808,"date":"2025-02-10T23:37:28","date_gmt":"2025-02-10T23:37:28","guid":{"rendered":"https:\/\/angelbg.com\/?page_id=5808"},"modified":"2025-02-11T00:37:23","modified_gmt":"2025-02-11T00:37:23","slug":"lone-star-prosperity","status":"publish","type":"page","link":"https:\/\/angelbg.com\/es\/lone-star-prosperity\/","title":{"rendered":"Lone Star Prosperity"},"content":{"rendered":"<div class=\"wpb-content-wrapper\"><div data-vc-full-width=\"true\" data-vc-full-width-init=\"false\" class=\"vc_row wpb_row vc_row-fluid vc_custom_1654181509732 vc_row-has-fill\"><div class=\"wpb_column vc_column_container vc_col-sm-12\"><div class=\"vc_column-inner\"><div class=\"wpb_wrapper\"><h1 style=\"text-align: left\" class=\"vc_custom_heading vc_do_custom_heading\" >Lone Star Prosperity: Por qu\u00e9 el norte de Texas es la tierra de las oportunidades<\/h1><div class=\"vc_row wpb_row vc_inner vc_row-fluid vc_row-o-content-middle vc_row-flex\"><div class=\"wpb_column vc_column_container vc_col-sm-6\"><div class=\"vc_column-inner\"><div class=\"wpb_wrapper\">\n\t<div  class=\"wpb_single_image wpb_content_element vc_align_left wpb_content_element\">\n\t\t\n\t\t<figure class=\"wpb_wrapper vc_figure\">\n\t\t\t<div class=\"vc_single_image-wrapper vc_box_rounded  vc_box_border_grey\"><img decoding=\"async\" width=\"640\" height=\"427\" src=\"https:\/\/angelbg.com\/wp-content\/uploads\/2025\/02\/qtq80-gZJhEI-1024x683.jpeg\" class=\"vc_single_image-img attachment-large\" alt=\"Real estate agent celebrating full commission earnings at a flat-fee brokerage in Texas.\" title=\"qtq80-gZJhEI\" srcset=\"https:\/\/angelbg.com\/wp-content\/uploads\/2025\/02\/qtq80-gZJhEI-1024x683.jpeg 1024w, https:\/\/angelbg.com\/wp-content\/uploads\/2025\/02\/qtq80-gZJhEI-300x200.jpeg 300w, https:\/\/angelbg.com\/wp-content\/uploads\/2025\/02\/qtq80-gZJhEI-768x513.jpeg 768w, https:\/\/angelbg.com\/wp-content\/uploads\/2025\/02\/qtq80-gZJhEI-500x334.jpeg 500w, https:\/\/angelbg.com\/wp-content\/uploads\/2025\/02\/qtq80-gZJhEI-1200x800.jpeg 1200w, https:\/\/angelbg.com\/wp-content\/uploads\/2025\/02\/qtq80-gZJhEI-600x400.jpeg 600w, https:\/\/angelbg.com\/wp-content\/uploads\/2025\/02\/qtq80-gZJhEI.jpeg 1254w\" sizes=\"(max-width: 640px) 100vw, 640px\" \/><\/div>\n\t\t<\/figure>\n\t<\/div>\n<\/div><\/div><\/div><div class=\"wpb_column vc_column_container vc_col-sm-6\"><div class=\"vc_column-inner\"><div class=\"wpb_wrapper\">\n\t<div class=\"wpb_text_column wpb_content_element\" >\n\t\t<div class=\"wpb_wrapper\">\n\t\t\t<h2><strong>\ud83d\udccdEl futuro de los negocios y los bienes ra\u00edces comienza aqu\u00ed<\/strong><\/h2>\n<p>El norte de Texas no es solo otro lugar en el mapa, es un <strong>potencia del crecimiento econ\u00f3mico, la innovaci\u00f3n y las oportunidades<\/strong>. Whether you\u2019re an <strong>Emprendedor que busca expandirse, inversor que busca bienes ra\u00edces de alto valor o propietario de un negocio listo para prosperar.<\/strong>El norte de Texas ofrece el entorno perfecto para construir el \u00e9xito.<\/p>\n<p>Con <strong>Pol\u00edticas favorables a las empresas, una econom\u00eda en auge y un mercado inmobiliario pr\u00f3spero<\/strong>Ahora es el momento de reclamar su lugar en una de las regiones de m\u00e1s r\u00e1pido crecimiento en los EE. UU.<\/p>\n<p>&nbsp;<\/p>\n<hr \/>\n<h2><strong>\ud83d\ude80 \u00bfPor qu\u00e9 invertir en el norte de Texas?<\/strong><\/h2>\n<p>&nbsp;<\/p>\n<h3><strong>\ud83d\udcbc Un clima empresarial creado para el crecimiento<\/strong><\/h3>\n<p>&nbsp;<\/p>\n<p>\u2705 <strong>Sin impuesto estatal sobre la renta<\/strong> \u2013 Conserve m\u00e1s de sus ganancias y reinvi\u00e9rtalas en su negocio.<br \/>\n\u2705 <strong>Econom\u00eda en auge<\/strong> La <strong>\u00c1rea metropolitana de DFW<\/strong> Es el hogar de empresas Fortune 500 y de industrias de primer nivel.<br \/>\n\u2705 <strong>Bienes ra\u00edces asequibles<\/strong> - Ya sea urbana o rural, <strong>Propiedades comerciales en Texas<\/strong> Ofrecen un mejor valor que otras \u00e1reas metropolitanas.<br \/>\n\u2705 <strong>Infraestructura y conectividad<\/strong> \u2013 Acceso a <strong>Aeropuerto Internacional DFW, principales autopistas y redes ferroviarias<\/strong> Para una log\u00edstica perfecta.<\/p>\n<h3><strong>\ud83c\udfe1 Un mercado inmobiliario que trabaja para ti<\/strong><\/h3>\n<p>El norte de Texas ofrece <strong>oportunidades de inversi\u00f3n de alto rendimiento<\/strong> en m\u00faltiples sectores inmobiliarios:<\/p>\n<p>\u2714\ufe0f <strong>Propiedades comerciales<\/strong> \u2013 Locales comerciales, edificios de oficinas y naves industriales.<br \/>\n\u2714\ufe0f <strong>Adquisiciones de tierras<\/strong> \u2013 Ubicaciones privilegiadas para nuevos desarrollos a precios competitivos.<br \/>\n\u2714\ufe0f <strong>Inversiones residenciales<\/strong> \u2013 Vivienda asequible con fuerte demanda de alquileres y viviendas nuevas.<\/p>\n<p><strong>Invertir en bienes ra\u00edces en el norte de Texas es una estrategia a largo plazo para la seguridad financiera y el crecimiento.<\/strong><\/p>\n<h3><strong>\ud83d\udc54 El centro ideal para emprendedoras y profesionales independientes.<\/strong><\/h3>\n<p>Texas es conocida por su <strong>cultura pro empresarial<\/strong>, lo que facilita el \u00e9xito de los propietarios de peque\u00f1as empresas, inversores inmobiliarios y profesionales aut\u00f3nomos. <strong>Tarifas m\u00e1s bajas, menos regulaciones y una s\u00f3lida red de apoyo<\/strong>, puedes concentrarte en <strong>C\u00f3mo escalar su negocio sin burocracia innecesaria<\/strong>.<\/p>\n\n\t\t<\/div>\n\t<\/div>\n<\/div><\/div><\/div><\/div><\/div><\/div><\/div><\/div><div class=\"vc_row-full-width\"><\/div><div class=\"vc_row wpb_row vc_row-fluid vc_custom_1643748488973\"><div class=\"wpb_column vc_column_container vc_col-sm-12\"><div class=\"vc_column-inner\"><div class=\"wpb_wrapper\"><div class=\"vc_row wpb_row vc_inner vc_row-fluid vc_row-o-content-middle vc_row-flex\"><div class=\"wpb_column vc_column_container vc_col-sm-6\"><div class=\"vc_column-inner\"><div class=\"wpb_wrapper\">\n\t<div class=\"wpb_text_column wpb_content_element\" >\n\t\t<div class=\"wpb_wrapper\">\n\t\t\t<h2><strong>\ud83d\udcc8 Informaci\u00f3n sobre negocios y bienes ra\u00edces en Texas: mant\u00e9ngase a la vanguardia del mercado<\/strong><\/h2>\n<p>\u00bfQuieres estar informada sobre <strong>Tendencias comerciales y de bienes ra\u00edces en el norte de Texas<\/strong>? Consulta estos recursos imprescindibles:<\/p>\n<p>\ud83d\udcd6 <strong>Revista de negocios de Dallas<\/strong> \u2013 Informaci\u00f3n del mercado y actualizaciones de la industria.<br \/>\n\ud83d\udcd6 <strong>Revista de negocios de Houston<\/strong> \u2013 Abarcando energ\u00eda, innovaci\u00f3n y crecimiento corporativo.<br \/>\n\ud83d\udcd6 <strong>Prensa empresarial de Fort Worth<\/strong> \u2013 Noticias de negocios con enfoque local.<br \/>\n\ud83d\udcd6 <strong>Revista de negocios de San Antonio<\/strong> \u2013 Tendencias de crecimiento en uno de los mercados de m\u00e1s r\u00e1pida expansi\u00f3n de Texas.<br \/>\n\ud83d\udcd6 <strong>Revista de negocios de Austin<\/strong> \u2013 Lo \u00faltimo en tecnolog\u00eda, startups y capital de riesgo.<br \/>\n\ud83d\udcd6 <strong>Revista Texas CEO<\/strong> - Perspectivas de liderazgo para emprendedoras.<br \/>\n\ud83d\udcd6 <strong>Negocios en la frontera de Texas<\/strong> \u2013 Comercio transfronterizo y oportunidades de inversi\u00f3n.<br \/>\n\ud83d\udcd6 <strong>Noticias de la Asociaci\u00f3n de Negocios de Texas<\/strong> \u2013 Actualizaciones de pol\u00edticas y promoci\u00f3n para l\u00edderes empresariales.<\/p>\n<p><strong>\ud83d\udccc Pro Tip:<\/strong> Mantenerse informado le ayudar\u00e1 a detectar oportunidades de inversi\u00f3n antes de que se hagan populares.<\/p>\n\n\t\t<\/div>\n\t<\/div>\n\n\t<div class=\"wpb_text_column wpb_content_element\" >\n\t\t<div class=\"wpb_wrapper\">\n\t\t\t<p><span style=\"font-weight: 400;\">\ud83d\udd39\u00bfCu\u00e1nto dinero se requiere para comprar el negocio?<\/span><\/p>\n<p><span style=\"font-weight: 400;\">\ud83d\udd39\u00bfCu\u00e1l es el incremento anual de ventas?<\/span><\/p>\n<p><span style=\"font-weight: 400;\">\ud83d\udd39\u00bfCu\u00e1nto es el inventario?<\/span><\/p>\n<p><span style=\"font-weight: 400;\">\ud83d\udd39\u00bfQu\u00e9 es la deuda?<\/span><\/p>\n<p><span style=\"font-weight: 400;\">\ud83d\udd39\u00bfEl vendedor se capacitar\u00e1 y permanecer\u00e1 en el cargo por un tiempo?<\/span><\/p>\n<p><span style=\"font-weight: 400;\">\ud83d\udd39\u00bfQu\u00e9 hace que el negocio sea diferente\/especial\/\u00fanico?<\/span><\/p>\n<p><span style=\"font-weight: 400;\">\ud83d\udd39\u00bfQu\u00e9 define m\u00e1s el producto o servicio? \u00bfUn trabajo de licitaci\u00f3n? \u00bfUn negocio recurrente?<\/span><\/p>\n<p><span style=\"font-weight: 400;\">\ud83d\udd39\u00bfQu\u00e9 se puede hacer para hacer crecer el negocio?<\/span><\/p>\n<p><span style=\"font-weight: 400;\">\ud83d\udd39\u00bfQu\u00e9 puede hacer el comprador para agregar valor?<\/span><\/p>\n\n\t\t<\/div>\n\t<\/div>\n<\/div><\/div><\/div><div class=\"wpb_column vc_column_container vc_col-sm-6\"><div class=\"vc_column-inner\"><div class=\"wpb_wrapper\">\n\t<div  class=\"wpb_single_image wpb_content_element vc_align_left wpb_content_element\">\n\t\t\n\t\t<figure class=\"wpb_wrapper vc_figure\">\n\t\t\t<div class=\"vc_single_image-wrapper   vc_box_border_grey\"><img decoding=\"async\" width=\"1440\" height=\"1440\" src=\"https:\/\/angelbg.com\/wp-content\/uploads\/2025\/02\/qtq80-sfIV3r.jpeg\" class=\"vc_single_image-img attachment-full\" alt=\"\" title=\"qtq80-sfIV3r\" srcset=\"https:\/\/angelbg.com\/wp-content\/uploads\/2025\/02\/qtq80-sfIV3r.jpeg 1440w, https:\/\/angelbg.com\/wp-content\/uploads\/2025\/02\/qtq80-sfIV3r-300x300.jpeg 300w, https:\/\/angelbg.com\/wp-content\/uploads\/2025\/02\/qtq80-sfIV3r-1024x1024.jpeg 1024w, https:\/\/angelbg.com\/wp-content\/uploads\/2025\/02\/qtq80-sfIV3r-150x150.jpeg 150w, https:\/\/angelbg.com\/wp-content\/uploads\/2025\/02\/qtq80-sfIV3r-768x768.jpeg 768w, https:\/\/angelbg.com\/wp-content\/uploads\/2025\/02\/qtq80-sfIV3r-500x500.jpeg 500w, https:\/\/angelbg.com\/wp-content\/uploads\/2025\/02\/qtq80-sfIV3r-800x800.jpeg 800w, https:\/\/angelbg.com\/wp-content\/uploads\/2025\/02\/qtq80-sfIV3r-600x600.jpeg 600w, https:\/\/angelbg.com\/wp-content\/uploads\/2025\/02\/qtq80-sfIV3r-100x100.jpeg 100w\" sizes=\"(max-width: 1440px) 100vw, 1440px\" \/><\/div>\n\t\t<\/figure>\n\t<\/div>\n<\/div><\/div><\/div><\/div><div class=\"vc_row wpb_row vc_inner vc_row-fluid\"><div class=\"wpb_column vc_column_container vc_col-sm-12\"><div class=\"vc_column-inner\"><div class=\"wpb_wrapper\">\n\t<div class=\"wpb_text_column wpb_content_element\" >\n\t\t<div class=\"wpb_wrapper\">\n\t\t\t<h2><strong>\ud83c\udfc6 Angel Brokers Group: su socio para el \u00e9xito en el sector inmobiliario de Texas<\/strong><\/h2>\n<p>En <strong>Angel Brokers Group<\/strong>Nos especializamos en ayudar a inversores y propietarios de empresas. <strong>Asegure negocios inmobiliarios rentables en el norte de Texas<\/strong>. Ya sea que est\u00e9s buscando <strong>comprar, arrendar o invertir<\/strong>, ofrecemos:<\/p>\n<p>\ud83d\udd39 <strong>Oportunidades exclusivas fuera del mercado<\/strong> \u2013 Obtenga acceso a las ofertas antes de que se hagan p\u00fablicas.<br \/>\n\ud83d\udd39 <strong>Perspectivas de inversi\u00f3n estrat\u00e9gica<\/strong> \u2013 Recomendaciones basadas en datos para maximizar el ROI.<br \/>\n\ud83d\udd39 <strong>Negociaci\u00f3n experta y estructuraci\u00f3n de acuerdos<\/strong> \u2013 Garantizar que cada acuerdo sea beneficioso para ambas partes.<br \/>\n\ud83d\udd39 <strong>Soporte integral inmobiliario<\/strong> \u2013 Desde la investigaci\u00f3n de mercado hasta las transacciones finales, nos encargamos de todo.<\/p>\n<h3><strong>\ud83c\udfaf \u00bfListo para asegurar su futuro en Texas?<\/strong><\/h3>\n<p><strong>Don&#8217;t wait\u2014opportunity in North Texas is growing fast.<\/strong> Let\u2019s strategize, plan, and find the perfect property for your success.<\/p>\n<p>\ud83d\udcde <strong>Call Us:<\/strong> 972- 8494203<br \/>\n\ud83d\udce7 <strong>Email: JC@angelbg.com<\/strong><\/p>\n<p><strong>The best time to invest in Texas real estate was yesterday. The second-best time is now.<\/strong> \ud83d\ude80<\/p>\n\n\t\t<\/div>\n\t<\/div>\n<\/div><\/div><\/div><\/div><\/div><\/div><\/div><\/div><div data-vc-full-width=\"true\" data-vc-full-width-init=\"false\" class=\"vc_row wpb_row vc_row-fluid vc_custom_1643814559471 vc_row-has-fill\"><div class=\"wpb_column vc_column_container vc_col-sm-12\"><div class=\"vc_column-inner\"><div class=\"wpb_wrapper\"><h2 style=\"text-align: center\" class=\"vc_custom_heading vc_do_custom_heading\" >Click for more information<\/h2><div class=\"vc_empty_space\"   style=\"height: 15px\"><span class=\"vc_empty_space_inner\"><\/span><\/div>\r<!-- radiantthemes-button -->\r<div class=\"radiantthemes-button hover-style-one  button-page\"  data-button-direction=\"center\" data-button-fullwidth=\"false\" ><a style=\"\" class=\"radiantthemes-button-main\" href=\"https:\/\/angelbg.com\/es\/contact-us\/\"  title=\"Cont\u00e1ctanos\" target=\"_blank\"><div class=\"placeholder\">Cont\u00e1ctanos<\/div><\/a><\/div>\r<!-- radiantthemes-button -->\r<\/div><\/div><\/div><\/div><div class=\"vc_row-full-width\"><\/div>\n<\/div>","protected":false},"excerpt":{"rendered":"Lone Star Prosperity: Why North Texas is the Land of Opportunity \ud83d\udccd The Future of Business &amp; Real Estate Starts Here North Texas isn\u2019t just another place on the map\u2014it\u2019s a powerhouse of economic growth, innovation, and opportunity. Whether you\u2019re an entrepreneur looking to expand, an investor searching for high-value real estate, or a business [...]","protected":false},"author":6,"featured_media":0,"parent":0,"menu_order":0,"comment_status":"closed","ping_status":"closed","template":"","meta":{"footnotes":""},"class_list":["post-5808","page","type-page","status-publish","hentry"],"yoast_head":"<!-- This site is optimized with the Yoast SEO Premium plugin v26.6 (Yoast SEO v27.4) - https:\/\/yoast.com\/product\/yoast-seo-premium-wordpress\/ -->\n<title>Lone Star Prosperity - Angel Brokers Group<\/title>\n<meta name=\"robots\" content=\"index, follow, max-snippet:-1, max-image-preview:large, max-video-preview:-1\" \/>\n<link rel=\"canonical\" href=\"https:\/\/angelbg.com\/es\/lone-star-prosperity\/\" \/>\n<meta property=\"og:locale\" content=\"es_ES\" \/>\n<meta property=\"og:type\" content=\"article\" \/>\n<meta property=\"og:title\" content=\"Lone Star Prosperity\" \/>\n<meta property=\"og:url\" content=\"https:\/\/angelbg.com\/es\/lone-star-prosperity\/\" \/>\n<meta property=\"og:site_name\" content=\"Angel Brokers Group\" \/>\n<meta property=\"article:modified_time\" content=\"2025-02-11T00:37:23+00:00\" \/>\n<meta name=\"twitter:card\" content=\"summary_large_image\" \/>\n<meta name=\"twitter:label1\" content=\"Tiempo de lectura\" \/>\n\t<meta name=\"twitter:data1\" content=\"4 minutos\" \/>\n<script type=\"application\/ld+json\" class=\"yoast-schema-graph\">{\"@context\":\"https:\\\/\\\/schema.org\",\"@graph\":[{\"@type\":\"WebPage\",\"@id\":\"https:\\\/\\\/angelbg.com\\\/lone-star-prosperity\\\/\",\"url\":\"https:\\\/\\\/angelbg.com\\\/lone-star-prosperity\\\/\",\"name\":\"Lone Star Prosperity - Angel Brokers Group\",\"isPartOf\":{\"@id\":\"https:\\\/\\\/angelbg.com\\\/#website\"},\"datePublished\":\"2025-02-10T23:37:28+00:00\",\"dateModified\":\"2025-02-11T00:37:23+00:00\",\"breadcrumb\":{\"@id\":\"https:\\\/\\\/angelbg.com\\\/lone-star-prosperity\\\/#breadcrumb\"},\"inLanguage\":\"es\",\"potentialAction\":[{\"@type\":\"ReadAction\",\"target\":[\"https:\\\/\\\/angelbg.com\\\/lone-star-prosperity\\\/\"]}]},{\"@type\":\"BreadcrumbList\",\"@id\":\"https:\\\/\\\/angelbg.com\\\/lone-star-prosperity\\\/#breadcrumb\",\"itemListElement\":[{\"@type\":\"ListItem\",\"position\":1,\"name\":\"Home\",\"item\":\"https:\\\/\\\/angelbg.com\\\/\"},{\"@type\":\"ListItem\",\"position\":2,\"name\":\"Lone Star Prosperity\"}]},{\"@type\":\"WebSite\",\"@id\":\"https:\\\/\\\/angelbg.com\\\/#website\",\"url\":\"https:\\\/\\\/angelbg.com\\\/\",\"name\":\"Angel Brokers Group\",\"description\":\"\",\"potentialAction\":[{\"@type\":\"SearchAction\",\"target\":{\"@type\":\"EntryPoint\",\"urlTemplate\":\"https:\\\/\\\/angelbg.com\\\/?s={search_term_string}\"},\"query-input\":{\"@type\":\"PropertyValueSpecification\",\"valueRequired\":true,\"valueName\":\"search_term_string\"}}],\"inLanguage\":\"es\"}]}<\/script>\n<!-- \/ Yoast SEO Premium plugin. -->","yoast_head_json":{"title":"Lone Star Prosperity - Angel Brokers Group","robots":{"index":"index","follow":"follow","max-snippet":"max-snippet:-1","max-image-preview":"max-image-preview:large","max-video-preview":"max-video-preview:-1"},"canonical":"https:\/\/angelbg.com\/es\/lone-star-prosperity\/","og_locale":"es_ES","og_type":"article","og_title":"Lone Star Prosperity","og_url":"https:\/\/angelbg.com\/es\/lone-star-prosperity\/","og_site_name":"Angel Brokers Group","article_modified_time":"2025-02-11T00:37:23+00:00","twitter_card":"summary_large_image","twitter_misc":{"Tiempo de lectura":"4 minutos"},"schema":{"@context":"https:\/\/schema.org","@graph":[{"@type":"WebPage","@id":"https:\/\/angelbg.com\/lone-star-prosperity\/","url":"https:\/\/angelbg.com\/lone-star-prosperity\/","name":"Lone Star Prosperity - Angel Brokers Group","isPartOf":{"@id":"https:\/\/angelbg.com\/#website"},"datePublished":"2025-02-10T23:37:28+00:00","dateModified":"2025-02-11T00:37:23+00:00","breadcrumb":{"@id":"https:\/\/angelbg.com\/lone-star-prosperity\/#breadcrumb"},"inLanguage":"es","potentialAction":[{"@type":"ReadAction","target":["https:\/\/angelbg.com\/lone-star-prosperity\/"]}]},{"@type":"BreadcrumbList","@id":"https:\/\/angelbg.com\/lone-star-prosperity\/#breadcrumb","itemListElement":[{"@type":"ListItem","position":1,"name":"Home","item":"https:\/\/angelbg.com\/"},{"@type":"ListItem","position":2,"name":"Lone Star Prosperity"}]},{"@type":"WebSite","@id":"https:\/\/angelbg.com\/#website","url":"https:\/\/angelbg.com\/","name":"Angel Brokers Group","description":"","potentialAction":[{"@type":"SearchAction","target":{"@type":"EntryPoint","urlTemplate":"https:\/\/angelbg.com\/?s={search_term_string}"},"query-input":{"@type":"PropertyValueSpecification","valueRequired":true,"valueName":"search_term_string"}}],"inLanguage":"es"}]}},"_hostinger_reach_plugin_has_subscription_block":false,"_hostinger_reach_plugin_is_elementor":false,"jetpack_sharing_enabled":true,"_links":{"self":[{"href":"https:\/\/angelbg.com\/es\/wp-json\/wp\/v2\/pages\/5808","targetHints":{"allow":["GET"]}}],"collection":[{"href":"https:\/\/angelbg.com\/es\/wp-json\/wp\/v2\/pages"}],"about":[{"href":"https:\/\/angelbg.com\/es\/wp-json\/wp\/v2\/types\/page"}],"author":[{"embeddable":true,"href":"https:\/\/angelbg.com\/es\/wp-json\/wp\/v2\/users\/6"}],"replies":[{"embeddable":true,"href":"https:\/\/angelbg.com\/es\/wp-json\/wp\/v2\/comments?post=5808"}],"version-history":[{"count":9,"href":"https:\/\/angelbg.com\/es\/wp-json\/wp\/v2\/pages\/5808\/revisions"}],"predecessor-version":[{"id":5819,"href":"https:\/\/angelbg.com\/es\/wp-json\/wp\/v2\/pages\/5808\/revisions\/5819"}],"wp:attachment":[{"href":"https:\/\/angelbg.com\/es\/wp-json\/wp\/v2\/media?parent=5808"}],"curies":[{"name":"wp","href":"https:\/\/api.w.org\/{rel}","templated":true}]}}